{"id":225,"date":"2023-12-15T11:37:04","date_gmt":"2023-12-15T10:37:04","guid":{"rendered":"https:\/\/the-popinjay.com\/?page_id=225"},"modified":"2025-04-25T16:06:47","modified_gmt":"2025-04-25T14:06:47","slug":"mentions-legales","status":"publish","type":"page","link":"https:\/\/the-popinjay.com\/fr\/mentions-legales\/","title":{"rendered":"Mentions l\u00e9gales"},"content":{"rendered":"\n<h2 class=\"wp-block-heading\" id=\"editeur-du-site\">\u00c9diteur du site<\/h2>\n\n\n\n<p>Le site\u00a0<a href=\"https:\/\/the-popinjay.com\/\">the-popinjay.com<\/a>\u00a0est \u00e9dit\u00e9 par :<br>THE POPINJAY SAS<br>R.C.S. DAX : 941795486<br>N\u00b0 TVA : FR55941795486<br>Si\u00e8ge social : 320 ROUTE DE CABANOT, 40500 HAURIET<\/p>\n\n\n\n<p>Responsable de la publication : Rebecca Garnett-B\u00e9zie<\/p>\n\n\n\n<h2 class=\"wp-block-heading\" id=\"realisation-et-hebergement\">R\u00e9alisation et h\u00e9bergement<\/h2>\n\n\n\n<p>Erwan B\u00e9zie<br>320 ROUTE DE CABANOT, 40500 HAURIET<br>OVH SAS<\/p>\n\n\n\n<h2 class=\"wp-block-heading\" id=\"propriete-intellectuelle\">Propri\u00e9t\u00e9 intellectuelle<\/h2>\n\n\n\n<p>Le contenu de ce site internet est prot\u00e9g\u00e9 par les droits de propri\u00e9t\u00e9 intellectuelle et notamment par le droit d\u2019auteur. Toute reproduction de ces contenus est conditionn\u00e9e \u00e0 un accord explicite pr\u00e9alable, en vertu de l\u2019article L.122-4 du Code de la Propri\u00e9t\u00e9 Intellectuelle.<\/p>\n\n\n\n<p>Pour toute demande d\u2019autorisation ou d\u2019information,&nbsp;<a href=\"https:\/\/the-popinjay.com\/contact\/\" data-type=\"page\" data-id=\"81\">veuillez nous contacter<\/a>.<\/p>\n\n\n\n<h2 class=\"wp-block-heading\" id=\"informations-et-exclusions\">Informations et exclusions<\/h2>\n\n\n\n<p>L\u2019\u00e9diteur de ce site met en \u0153uvre tous les moyens dont il dispose pour assurer une information fiable et une mise \u00e0 jour des contenus. Toutefois, des erreurs ou omissions peuvent survenir. L\u2019internaute devra donc s\u2019assurer de l\u2019exactitude des informations aupr\u00e8s de l\u2019\u00e9diteur et signaler toutes modifications du site qu\u2019il jugerait utile. L\u2019\u00e9diteur du site n\u2019est en aucun cas responsable de l\u2019utilisation faite de ces informations, et de tout pr\u00e9judice direct ou indirect pouvant en d\u00e9couler.<\/p>\n\n\n\n<p>Les photos sont non contractuelles.<\/p>\n\n\n\n<p>Les liens hypertextes mis en place dans le cadre du pr\u00e9sent site internet en direction d\u2019autres ressources pr\u00e9sentes sur le r\u00e9seau Internet ne sauraient engager la responsabilit\u00e9 de l\u2019\u00e9diteur de ce site.<\/p>\n\n\n\n<h2 class=\"wp-block-heading\" id=\"donnees-personnelles\">Donn\u00e9es personnelles<\/h2>\n\n\n\n<p>L\u2019\u00e9diteur de ce site s\u2019engage \u00e0 ce que les traitements de donn\u00e9es personnelles qui y sont effectu\u00e9s soient conformes au R\u00e8glement g\u00e9n\u00e9ral sur la protection des donn\u00e9es (RGPD) et \u00e0 la loi Informatique et Libert\u00e9s.<\/p>\n\n\n\n<p>Pour en savoir plus, consultez la page&nbsp;<a href=\"https:\/\/the-popinjay.com\/politique-de-confidentialite\/\" data-type=\"page\" data-id=\"3\">protection des donn\u00e9es personnelles<\/a>.<\/p>\n","protected":false},"excerpt":{"rendered":"<p>\u00c9diteur du site Le site\u00a0the-popinjay.com\u00a0est \u00e9dit\u00e9 par :THE POPINJAY SASR.C.S. DAX : 941795486N\u00b0 TVA : FR55941795486Si\u00e8ge social : 320 ROUTE DE CABANOT, 40500 HAURIET Responsable de la publication : Rebecca Garnett-B\u00e9zie R\u00e9alisation et h\u00e9bergement Erwan B\u00e9zie320 ROUTE DE CABANOT, 40500 HAURIETOVH SAS Propri\u00e9t\u00e9 intellectuelle Le contenu de ce site internet est prot\u00e9g\u00e9 par les droits de propri\u00e9t\u00e9 intellectuelle et notamment par le droit d\u2019auteur. Toute reproduction de ces contenus est conditionn\u00e9e \u00e0 un accord explicite pr\u00e9alable, en vertu de l\u2019article L.122-4 du Code de la Propri\u00e9t\u00e9 Intellectuelle. Pour toute demande d\u2019autorisation ou d\u2019information,&nbsp;veuillez nous contacter. Informations et exclusions L\u2019\u00e9diteur de ce site met en \u0153uvre tous les moyens dont il dispose pour assurer une information fiable et une mise \u00e0 jour des contenus. Toutefois, des erreurs ou omissions peuvent survenir. L\u2019internaute devra donc s\u2019assurer de l\u2019exactitude des informations aupr\u00e8s de l\u2019\u00e9diteur et signaler toutes modifications du site qu\u2019il jugerait utile. L\u2019\u00e9diteur du site n\u2019est en aucun cas responsable de l\u2019utilisation faite de ces informations, et de tout pr\u00e9judice direct ou indirect pouvant en d\u00e9couler. Les photos sont non contractuelles. Les liens hypertextes mis en place dans le cadre du pr\u00e9sent site internet en direction d\u2019autres ressources pr\u00e9sentes sur le r\u00e9seau Internet ne sauraient engager la responsabilit\u00e9 de l\u2019\u00e9diteur de ce site. Donn\u00e9es personnelles L\u2019\u00e9diteur de ce site s\u2019engage \u00e0 ce que les traitements de donn\u00e9es personnelles qui y sont effectu\u00e9s soient conformes au R\u00e8glement g\u00e9n\u00e9ral sur la protection des donn\u00e9es (RGPD) et \u00e0 la loi Informatique et Libert\u00e9s. Pour en savoir plus, consultez la page&nbsp;protection des donn\u00e9es personnelles.<\/p>\n","protected":false},"author":4,"featured_media":0,"parent":0,"menu_order":0,"comment_status":"closed","ping_status":"closed","template":"","meta":{"_seopress_robots_primary_cat":"","_seopress_titles_title":"","_seopress_titles_desc":"","_seopress_robots_index":"yes","_gspb_post_css":"","inline_featured_image":false,"footnotes":""},"class_list":["post-225","page","type-page","status-publish","hentry","post-no-thumbnail"],"_links":{"self":[{"href":"https:\/\/the-popinjay.com\/fr\/wp-json\/wp\/v2\/pages\/225","targetHints":{"allow":["GET"]}}],"collection":[{"href":"https:\/\/the-popinjay.com\/fr\/wp-json\/wp\/v2\/pages"}],"about":[{"href":"https:\/\/the-popinjay.com\/fr\/wp-json\/wp\/v2\/types\/page"}],"author":[{"embeddable":true,"href":"https:\/\/the-popinjay.com\/fr\/wp-json\/wp\/v2\/users\/4"}],"replies":[{"embeddable":true,"href":"https:\/\/the-popinjay.com\/fr\/wp-json\/wp\/v2\/comments?post=225"}],"version-history":[{"count":4,"href":"https:\/\/the-popinjay.com\/fr\/wp-json\/wp\/v2\/pages\/225\/revisions"}],"predecessor-version":[{"id":8313,"href":"https:\/\/the-popinjay.com\/fr\/wp-json\/wp\/v2\/pages\/225\/revisions\/8313"}],"wp:attachment":[{"href":"https:\/\/the-popinjay.com\/fr\/wp-json\/wp\/v2\/media?parent=225"}],"curies":[{"name":"wp","href":"https:\/\/api.w.org\/{rel}","templated":true}]}}