{"id":3,"date":"2023-12-08T16:24:16","date_gmt":"2023-12-08T15:24:16","guid":{"rendered":"https:\/\/the-popinjay.com\/?page_id=3"},"modified":"2024-06-28T07:59:12","modified_gmt":"2024-06-28T05:59:12","slug":"politique-de-confidentialite","status":"publish","type":"page","link":"https:\/\/the-popinjay.com\/fr\/politique-de-confidentialite\/","title":{"rendered":"Politique de confidentialit\u00e9"},"content":{"rendered":"\n<p class=\"gutenify-section-e68611d0-fec2-11ed-886d-5f691d4fa9f9\">The Popinjay s&#8217;engage \u00e0 ce que les traitements de donn\u00e9es personnelles effectu\u00e9s sur <a href=\"https:\/\/the-popinjay.com\/\" data-type=\"URL\" data-id=\"https:\/\/dec-energies.fr\">the-popinjay.com<\/a> soient conformes au R\u00e8glement g\u00e9n\u00e9ral sur la protection des donn\u00e9es (RGPD) et \u00e0 la loi Informatique et Libert\u00e9s.<\/p>\n\n\n\n<h2 class=\"wp-block-heading gutenify-section-e68638e0-fec2-11ed-886d-5f691d4fa9f9\" id=\"donnees-collectees\">Donn\u00e9es collect\u00e9es<\/h2>\n\n\n\n<p class=\"gutenify-section-44e618f0-0388-11ee-a811-233a0af0f7b2\">Nous nous engageons \u00e0 ne collecter que le minimum de donn\u00e9es n\u00e9cessaires au bon fonctionnement du service fourni par ce site internet. Le caract\u00e8re obligatoire ou facultatif des donn\u00e9es collect\u00e9es vous est signal\u00e9 au moment de leur saisie par une mention &#8220;Obligatoire&#8221; (ou tout autre indicateur visuel appropri\u00e9 comme un ast\u00e9risque ou un \u00e9l\u00e9ment en gras) ou &#8220;Facultatif&#8221;.<\/p>\n\n\n\n<p class=\"gutenify-section-44e66710-0388-11ee-a811-233a0af0f7b2\">Certaines donn\u00e9es sont collect\u00e9es automatiquement du fait de vos actions sur le site afin d&#8217;effectuer des mesures d&#8217;audience ou sont n\u00e9cessaires \u00e0 la pr\u00e9vention et la r\u00e9solution d\u2019incidents techniques.<\/p>\n\n\n\n<p class=\"gutenify-section-44e83bd0-0388-11ee-a811-233a0af0f7b2\">Les donn\u00e9es sont conserv\u00e9es pendant toute la dur\u00e9e d&#8217;utilisation du service puis sont archiv\u00e9es pour une dur\u00e9e suppl\u00e9mentaire en lien avec les dur\u00e9es de prescription et de conservation l\u00e9gale pour des raisons strictement limit\u00e9es et autoris\u00e9es par la loi (paiement, garantie, litiges, etc.).<\/p>\n\n\n\n<h2 class=\"wp-block-heading gutenify-section-e686fc30-fec2-11ed-886d-5f691d4fa9f9\" id=\"exercer-vos-droits\">Exercer vos droits<\/h2>\n\n\n\n<p class=\"gutenify-section-523143e0-0388-11ee-a811-233a0af0f7b2\">Pour toute information ou exercice de vos droits sur les traitements de donn\u00e9es personnelles g\u00e9r\u00e9s par The Popinjay, vous pouvez nous \u00e9crire (avec copie de votre pi\u00e8ce d\u2019identit\u00e9 en cas d&#8217;exercice de vos droits) :<\/p>\n\n\n\n<ul class=\"gutenify-section-66ef52e0-0388-11ee-a811-233a0af0f7b2 wp-block-list\">\n<li class=\"gutenify-section-66ec93c0-0388-11ee-a811-233a0af0f7b2\">par mail \u00e0 <a href=\"mailto:contact@the-popinjay.com\">contact@the-popinjay.com<\/a><\/li>\n\n\n\n<li class=\"gutenify-section-1f1ca310-71af-11ee-a525-131d1ce96702\">par courrier \u00e0 :<br>THE POPINJAY<br>320 ROUTE DE CABANOT<br>40500 HAURIET<\/li>\n<\/ul>\n\n\n\n<p><\/p>\n\n\n\n<h2 class=\"wp-block-heading gutenify-section-e6874a50-fec2-11ed-886d-5f691d4fa9f9\" id=\"cookies\">Cookies<\/h2>\n\n\n\n<p class=\"gutenify-section-8745d3c0-0388-11ee-a811-233a0af0f7b2\"><strong>Informations sur les cookies<\/strong><\/p>\n\n\n\n<p class=\"gutenify-section-874621e0-0388-11ee-a811-233a0af0f7b2\">Pour des besoins de statistiques et d\u2019affichage, le pr\u00e9sent site utilise des cookies. Il s\u2019agit de petits fichiers textes stock\u00e9s sur votre disque dur afin d\u2019enregistrer des donn\u00e9es techniques sur votre navigation. Certaines parties de ce site peuvent ne pas fonctionner sans l\u2019acceptation de cookies.<\/p>\n\n\n\n<p class=\"gutenify-section-87467000-0388-11ee-a811-233a0af0f7b2\"><strong>Finalit\u00e9 des cookies utilis\u00e9s<\/strong><\/p>\n\n\n\n<p class=\"gutenify-section-8746be20-0388-11ee-a811-233a0af0f7b2\">Nous utilisons des cookies de la part des services suivants : Google Analytics. Les donn\u00e9es et statistiques que nous collectons au moyen de ces cookies sont utilis\u00e9es dans le seul et unique but d\u2019am\u00e9liorer la qualit\u00e9 de nos services.<\/p>\n\n\n\n<p class=\"gutenify-section-8746e530-0388-11ee-a811-233a0af0f7b2\">Google Analytics : ce service d&#8217;analyse de site internet fourni par Google permet de r\u00e9aliser des statistiques sur l&#8217;utilisation du site par ses visiteurs.<\/p>\n\n\n\n<p class=\"gutenify-section-9393da00-0388-11ee-a811-233a0af0f7b2\"><strong>Vos choix concernant les cookies<\/strong><\/p>\n\n\n\n<p class=\"gutenify-section-87473350-0388-11ee-a811-233a0af0f7b2\">Vous pouvez faire le choix \u00e0 tout moment d\u2019exprimer et de modifier vos souhaits en mati\u00e8re de cookies.<\/p>\n\n\n\n<p class=\"gutenify-section-87478170-0388-11ee-a811-233a0af0f7b2\">En particulier, vous pouvez configurer votre logiciel de navigation de mani\u00e8re \u00e0 ce que des cookies soient enregistr\u00e9s dans votre terminal ou, au contraire, qu\u2019ils soient rejet\u00e9s, syst\u00e9matiquement ou ponctuellement. Pour cela, la configuration de chaque navigateur est diff\u00e9rente :<\/p>\n\n\n\n<p class=\"gutenify-section-8748b9f0-0388-11ee-a811-233a0af0f7b2\">Pour <a href=\"https:\/\/support.microsoft.com\/en-us\/microsoft-edge\/delete-cookies-in-microsoft-edge-63947406-40ac-c3b8-57b9-2a946a29ae09\">Microsoft Edge\u2122<\/a><br>Pour <a href=\"http:\/\/support.apple.com\/kb\/ht1677?viewlocale=fr_fr\" target=\"_blank\" rel=\"noreferrer noopener\">Safari\u2122<\/a><br>Pour <a href=\"http:\/\/support.google.com\/chrome\/bin\/answer.py?hl=fr&amp;hlrm=en&amp;answer=95647\" target=\"_blank\" rel=\"noreferrer noopener\">Chrome\u2122<\/a><br>Pour <a href=\"https:\/\/support.mozilla.org\/fr\/kb\/activer-desactiver-cookies-preferences\" target=\"_blank\" rel=\"noreferrer noopener\">Firefox\u2122<\/a><br>Pour <a href=\"http:\/\/help.opera.com\/Windows\/10.20\/fr\/cookies.html\" target=\"_blank\" rel=\"noreferrer noopener\">Opera\u2122<\/a><\/p>\n","protected":false},"excerpt":{"rendered":"<p>The Popinjay s&#8217;engage \u00e0 ce que les traitements de donn\u00e9es personnelles effectu\u00e9s sur the-popinjay.com soient conformes au R\u00e8glement g\u00e9n\u00e9ral sur la protection des donn\u00e9es (RGPD) et \u00e0 la loi Informatique et Libert\u00e9s. Donn\u00e9es collect\u00e9es Nous nous engageons \u00e0 ne collecter que le minimum de donn\u00e9es n\u00e9cessaires au bon fonctionnement du service fourni par ce site internet. Le caract\u00e8re obligatoire ou facultatif des donn\u00e9es collect\u00e9es vous est signal\u00e9 au moment de leur saisie par une mention &#8220;Obligatoire&#8221; (ou tout autre indicateur visuel appropri\u00e9 comme un ast\u00e9risque ou un \u00e9l\u00e9ment en gras) ou &#8220;Facultatif&#8221;. Certaines donn\u00e9es sont collect\u00e9es automatiquement du fait de vos actions sur le site afin d&#8217;effectuer des mesures d&#8217;audience ou sont n\u00e9cessaires \u00e0 la pr\u00e9vention et la r\u00e9solution d\u2019incidents techniques. Les donn\u00e9es sont conserv\u00e9es pendant toute la dur\u00e9e d&#8217;utilisation du service puis sont archiv\u00e9es pour une dur\u00e9e suppl\u00e9mentaire en lien avec les dur\u00e9es de prescription et de conservation l\u00e9gale pour des raisons strictement limit\u00e9es et autoris\u00e9es par la loi (paiement, garantie, litiges, etc.). Exercer vos droits Pour toute information ou exercice de vos droits sur les traitements de donn\u00e9es personnelles g\u00e9r\u00e9s par The Popinjay, vous pouvez nous \u00e9crire (avec copie de votre pi\u00e8ce d\u2019identit\u00e9 en cas d&#8217;exercice de vos droits) : Cookies Informations sur les cookies Pour des besoins de statistiques et d\u2019affichage, le pr\u00e9sent site utilise des cookies. Il s\u2019agit de petits fichiers textes stock\u00e9s sur votre disque dur afin d\u2019enregistrer des donn\u00e9es techniques sur votre navigation. Certaines parties de ce site peuvent ne pas fonctionner sans l\u2019acceptation de cookies. Finalit\u00e9 des cookies utilis\u00e9s Nous utilisons des cookies de la part des services suivants : Google Analytics. Les donn\u00e9es et statistiques que nous collectons au moyen de ces cookies sont utilis\u00e9es dans le seul et unique but d\u2019am\u00e9liorer la qualit\u00e9 de nos services. Google Analytics : ce service d&#8217;analyse de site internet fourni par Google permet de r\u00e9aliser des statistiques sur l&#8217;utilisation du site par ses visiteurs. Vos choix concernant les cookies Vous pouvez faire le choix \u00e0 tout moment d\u2019exprimer et de modifier vos souhaits en mati\u00e8re de cookies. En particulier, vous pouvez configurer votre logiciel de navigation de mani\u00e8re \u00e0 ce que des cookies soient enregistr\u00e9s dans votre terminal ou, au contraire, qu\u2019ils soient rejet\u00e9s, syst\u00e9matiquement ou ponctuellement. Pour cela, la configuration de chaque navigateur est diff\u00e9rente : Pour Microsoft Edge\u2122Pour Safari\u2122Pour Chrome\u2122Pour Firefox\u2122Pour Opera\u2122<\/p>\n","protected":false},"author":4,"featured_media":0,"parent":0,"menu_order":0,"comment_status":"closed","ping_status":"closed","template":"","meta":{"_seopress_robots_primary_cat":"","_seopress_titles_title":"","_seopress_titles_desc":"","_seopress_robots_index":"yes","_gspb_post_css":"","inline_featured_image":false,"footnotes":""},"class_list":["post-3","page","type-page","status-publish","hentry","post-no-thumbnail"],"_links":{"self":[{"href":"https:\/\/the-popinjay.com\/fr\/wp-json\/wp\/v2\/pages\/3","targetHints":{"allow":["GET"]}}],"collection":[{"href":"https:\/\/the-popinjay.com\/fr\/wp-json\/wp\/v2\/pages"}],"about":[{"href":"https:\/\/the-popinjay.com\/fr\/wp-json\/wp\/v2\/types\/page"}],"author":[{"embeddable":true,"href":"https:\/\/the-popinjay.com\/fr\/wp-json\/wp\/v2\/users\/4"}],"replies":[{"embeddable":true,"href":"https:\/\/the-popinjay.com\/fr\/wp-json\/wp\/v2\/comments?post=3"}],"version-history":[{"count":0,"href":"https:\/\/the-popinjay.com\/fr\/wp-json\/wp\/v2\/pages\/3\/revisions"}],"wp:attachment":[{"href":"https:\/\/the-popinjay.com\/fr\/wp-json\/wp\/v2\/media?parent=3"}],"curies":[{"name":"wp","href":"https:\/\/api.w.org\/{rel}","templated":true}]}}