{"id":3410,"date":"2024-06-24T20:43:46","date_gmt":"2024-06-24T18:43:46","guid":{"rendered":"https:\/\/the-popinjay.com\/panier\/"},"modified":"2024-07-21T15:21:56","modified_gmt":"2024-07-21T13:21:56","slug":"panier","status":"publish","type":"page","link":"https:\/\/the-popinjay.com\/fr\/panier\/","title":{"rendered":"Panier"},"content":{"rendered":"\n<div data-block-name=\"woocommerce\/cart\" class=\"wp-block-woocommerce-cart alignwide is-loading\">\n<div data-block-name=\"woocommerce\/filled-cart-block\" class=\"wp-block-woocommerce-filled-cart-block\">\n<div data-block-name=\"woocommerce\/cart-items-block\" class=\"wp-block-woocommerce-cart-items-block\">\n<div data-block-name=\"woocommerce\/cart-line-items-block\" class=\"wp-block-woocommerce-cart-line-items-block\"><\/div>\n\n\n\n<div data-block-name=\"woocommerce\/cart-cross-sells-block\" class=\"wp-block-woocommerce-cart-cross-sells-block\">\n<h2 class=\"wp-block-heading has-large-font-size\">\u00c7a peut vous int\u00e9resser&#8230;<\/h2>\n\n\n\n<div data-block-name=\"woocommerce\/cart-cross-sells-products-block\" class=\"wp-block-woocommerce-cart-cross-sells-products-block\"><\/div>\n<\/div>\n<\/div>\n\n\n\n<div data-block-name=\"woocommerce\/cart-totals-block\" class=\"wp-block-woocommerce-cart-totals-block\">\n<div data-block-name=\"woocommerce\/cart-order-summary-block\" class=\"wp-block-woocommerce-cart-order-summary-block\">\n<div data-block-name=\"woocommerce\/cart-order-summary-heading-block\" class=\"wp-block-woocommerce-cart-order-summary-heading-block\"><\/div><div data-block-name=\"woocommerce\/cart-order-summary-coupon-form-block\" class=\"wp-block-woocommerce-cart-order-summary-coupon-form-block\"><\/div><div data-block-name=\"woocommerce\/cart-order-summary-totals-block\" class=\"wp-block-woocommerce-cart-order-summary-totals-block\">\n<div data-block-name=\"woocommerce\/cart-order-summary-subtotal-block\" class=\"wp-block-woocommerce-cart-order-summary-subtotal-block\"><\/div>\n<div data-block-name=\"woocommerce\/cart-order-summary-discount-block\" class=\"wp-block-woocommerce-cart-order-summary-discount-block\"><\/div>\n<div data-block-name=\"woocommerce\/cart-order-summary-fee-block\" class=\"wp-block-woocommerce-cart-order-summary-fee-block\"><\/div>\n<div data-block-name=\"woocommerce\/cart-order-summary-shipping-block\" class=\"wp-block-woocommerce-cart-order-summary-shipping-block\"><\/div>\n<div data-block-name=\"woocommerce\/cart-order-summary-taxes-block\" class=\"wp-block-woocommerce-cart-order-summary-taxes-block\"><\/div><\/div>\n<\/div>\n\n\n\n<div data-block-name=\"woocommerce\/cart-express-payment-block\" class=\"wp-block-woocommerce-cart-express-payment-block\"><\/div>\n\n\n\n<div data-block-name=\"woocommerce\/proceed-to-checkout-block\" class=\"wp-block-woocommerce-proceed-to-checkout-block\"><\/div>\n\n\n\n<div data-block-name=\"woocommerce\/cart-accepted-payment-methods-block\" class=\"wp-block-woocommerce-cart-accepted-payment-methods-block\"><\/div>\n<\/div>\n<\/div>\n\n\n\n<div data-block-name=\"woocommerce\/empty-cart-block\" class=\"wp-block-woocommerce-empty-cart-block\">\n<h2 class=\"wp-block-heading has-text-align-center with-empty-cart-icon wc-block-cart__empty-cart__title\">Votre panier est actuellement vide\u00a0!<\/h2>\n\n\n\n<hr class=\"wp-block-separator has-alpha-channel-opacity is-style-dots\"\/>\n\n\n\n<h2 class=\"wp-block-heading has-text-align-center\">Nouveau dans la boutique<\/h2>\n\n\n<div data-block-name=\"woocommerce\/product-new\" data-columns=\"4\" data-rows=\"1\" class=\"wc-block-grid wp-block-product-new wp-block-woocommerce-product-new wc-block-product-new has-4-columns\"><ul class=\"wc-block-grid__products\"><li class=\"wc-block-grid__product\">\n\t\t\t\t<a href=\"https:\/\/the-popinjay.com\/fr\/produit\/fable-enamel-peacock-bangle-2\/\" class=\"wc-block-grid__product-link\">\n\t\t\t\t\t\n\t\t\t\t\t<div class=\"wc-block-grid__product-image\"><img fetchpriority=\"high\" decoding=\"async\" width=\"300\" height=\"300\" src=\"https:\/\/the-popinjay.com\/wp-content\/uploads\/2025\/08\/FAI-FAB-40088-1-300x300.jpg\" class=\"attachment-woocommerce_thumbnail size-woocommerce_thumbnail\" alt=\"Bracelet en forme de paon en \u00e9mail FABLE\" srcset=\"https:\/\/the-popinjay.com\/wp-content\/uploads\/2025\/08\/FAI-FAB-40088-1-300x300.jpg 300w, https:\/\/the-popinjay.com\/wp-content\/uploads\/2025\/08\/FAI-FAB-40088-1-150x150.jpg 150w, https:\/\/the-popinjay.com\/wp-content\/uploads\/2025\/08\/FAI-FAB-40088-1-80x80.jpg 80w\" sizes=\"(max-width: 300px) 100vw, 300px\" \/><\/div>\n\t\t\t\t\t<div class=\"wc-block-grid__product-title\">Bracelet en forme de paon en \u00e9mail FABLE<\/div>\n\t\t\t\t<\/a>\n\t\t\t\t<div class=\"wc-block-grid__product-price price\"><div class=\"price\"><span class=\"woocommerce-Price-amount amount\">60,00&nbsp;<span class=\"woocommerce-Price-currencySymbol\">&euro;<\/span><\/span><\/div><\/div>\n\t\t\t\t\n\t\t\t\t<div class=\"wp-block-button wc-block-grid__product-add-to-cart\"><a href=\"?add-to-cart=9315\" aria-label=\"Ajouter au panier\u00a0: &ldquo;Bracelet en forme de paon en \u00e9mail FABLE&rdquo;\" data-quantity=\"1\" data-product_id=\"9315\" data-product_sku=\"FAI-FAB-40088\" data-price=\"60\" rel=\"nofollow\" class=\"wp-block-button__link  add_to_cart_button ajax_add_to_cart\">Ajouter au panier<\/a><\/div>\n\t\t\t<\/li><li class=\"wc-block-grid__product\">\n\t\t\t\t<a href=\"https:\/\/the-popinjay.com\/fr\/produit\/fable-enamel-fox-short-necklace-2\/\" class=\"wc-block-grid__product-link\">\n\t\t\t\t\t\n\t\t\t\t\t<div class=\"wc-block-grid__product-image\"><img decoding=\"async\" width=\"300\" height=\"300\" src=\"https:\/\/the-popinjay.com\/wp-content\/uploads\/2025\/08\/FAI-FAB-40157-1-300x300.jpg\" class=\"attachment-woocommerce_thumbnail size-woocommerce_thumbnail\" alt=\"Collier court en forme de renard en \u00e9mail FABLE\" srcset=\"https:\/\/the-popinjay.com\/wp-content\/uploads\/2025\/08\/FAI-FAB-40157-1-300x300.jpg 300w, https:\/\/the-popinjay.com\/wp-content\/uploads\/2025\/08\/FAI-FAB-40157-1-150x150.jpg 150w, https:\/\/the-popinjay.com\/wp-content\/uploads\/2025\/08\/FAI-FAB-40157-1-80x80.jpg 80w, https:\/\/the-popinjay.com\/wp-content\/uploads\/2025\/08\/FAI-FAB-40157-1.jpg 512w\" sizes=\"(max-width: 300px) 100vw, 300px\" \/><\/div>\n\t\t\t\t\t<div class=\"wc-block-grid__product-title\">Collier court en forme de renard en \u00e9mail FABLE<\/div>\n\t\t\t\t<\/a>\n\t\t\t\t<div class=\"wc-block-grid__product-price price\"><div class=\"price\"><span class=\"woocommerce-Price-amount amount\">39,00&nbsp;<span class=\"woocommerce-Price-currencySymbol\">&euro;<\/span><\/span><\/div><\/div>\n\t\t\t\t\n\t\t\t\t<div class=\"wp-block-button wc-block-grid__product-add-to-cart\"><a href=\"?add-to-cart=9314\" aria-label=\"Ajouter au panier\u00a0: &ldquo;Collier court en forme de renard en \u00e9mail FABLE&rdquo;\" data-quantity=\"1\" data-product_id=\"9314\" data-product_sku=\"FAI-FAB-40157\" data-price=\"39\" rel=\"nofollow\" class=\"wp-block-button__link  add_to_cart_button ajax_add_to_cart\">Ajouter au panier<\/a><\/div>\n\t\t\t<\/li><li class=\"wc-block-grid__product\">\n\t\t\t\t<a href=\"https:\/\/the-popinjay.com\/fr\/produit\/fable-enamel-blue-tit-short-necklace-2\/\" class=\"wc-block-grid__product-link\">\n\t\t\t\t\t\n\t\t\t\t\t<div class=\"wc-block-grid__product-image\"><img decoding=\"async\" width=\"300\" height=\"300\" src=\"https:\/\/the-popinjay.com\/wp-content\/uploads\/2025\/08\/FAI-FAB-61385-1-300x300.jpg\" class=\"attachment-woocommerce_thumbnail size-woocommerce_thumbnail\" alt=\"Collier court \u00e0 m\u00e9sanges bleues en \u00e9mail FABLE\" srcset=\"https:\/\/the-popinjay.com\/wp-content\/uploads\/2025\/08\/FAI-FAB-61385-1-300x300.jpg 300w, https:\/\/the-popinjay.com\/wp-content\/uploads\/2025\/08\/FAI-FAB-61385-1-150x150.jpg 150w, https:\/\/the-popinjay.com\/wp-content\/uploads\/2025\/08\/FAI-FAB-61385-1-80x80.jpg 80w\" sizes=\"(max-width: 300px) 100vw, 300px\" \/><\/div>\n\t\t\t\t\t<div class=\"wc-block-grid__product-title\">Collier court \u00e0 m\u00e9sanges bleues en \u00e9mail FABLE<\/div>\n\t\t\t\t<\/a>\n\t\t\t\t<div class=\"wc-block-grid__product-price price\"><div class=\"price\"><span class=\"woocommerce-Price-amount amount\">39,00&nbsp;<span class=\"woocommerce-Price-currencySymbol\">&euro;<\/span><\/span><\/div><\/div>\n\t\t\t\t\n\t\t\t\t<div class=\"wp-block-button wc-block-grid__product-add-to-cart\"><a href=\"?add-to-cart=9313\" aria-label=\"Ajouter au panier\u00a0: &ldquo;Collier court \u00e0 m\u00e9sanges bleues en \u00e9mail FABLE&rdquo;\" data-quantity=\"1\" data-product_id=\"9313\" data-product_sku=\"FAI-FAB-61385\" data-price=\"39\" rel=\"nofollow\" class=\"wp-block-button__link  add_to_cart_button ajax_add_to_cart\">Ajouter au panier<\/a><\/div>\n\t\t\t<\/li><li class=\"wc-block-grid__product\">\n\t\t\t\t<a href=\"https:\/\/the-popinjay.com\/fr\/produit\/fable-cozy-bunny-charm-necklace-2\/\" class=\"wc-block-grid__product-link\">\n\t\t\t\t\t\n\t\t\t\t\t<div class=\"wc-block-grid__product-image\"><img loading=\"lazy\" decoding=\"async\" width=\"300\" height=\"300\" src=\"https:\/\/the-popinjay.com\/wp-content\/uploads\/2025\/08\/FAI-FAB-40355-1-300x300.jpg\" class=\"attachment-woocommerce_thumbnail size-woocommerce_thumbnail\" alt=\"Collier Charme Lapin Douillet FABLE\" srcset=\"https:\/\/the-popinjay.com\/wp-content\/uploads\/2025\/08\/FAI-FAB-40355-1-300x300.jpg 300w, https:\/\/the-popinjay.com\/wp-content\/uploads\/2025\/08\/FAI-FAB-40355-1-1024x1024.jpg 1024w, https:\/\/the-popinjay.com\/wp-content\/uploads\/2025\/08\/FAI-FAB-40355-1-150x150.jpg 150w, https:\/\/the-popinjay.com\/wp-content\/uploads\/2025\/08\/FAI-FAB-40355-1-768x768.jpg 768w, https:\/\/the-popinjay.com\/wp-content\/uploads\/2025\/08\/FAI-FAB-40355-1-600x600.jpg 600w, https:\/\/the-popinjay.com\/wp-content\/uploads\/2025\/08\/FAI-FAB-40355-1-80x80.jpg 80w, https:\/\/the-popinjay.com\/wp-content\/uploads\/2025\/08\/FAI-FAB-40355-1.jpg 1200w\" sizes=\"(max-width: 300px) 100vw, 300px\" \/><\/div>\n\t\t\t\t\t<div class=\"wc-block-grid__product-title\">Collier Charme Lapin Douillet FABLE<\/div>\n\t\t\t\t<\/a>\n\t\t\t\t<div class=\"wc-block-grid__product-price price\"><div class=\"price\"><span class=\"woocommerce-Price-amount amount\">39,00&nbsp;<span class=\"woocommerce-Price-currencySymbol\">&euro;<\/span><\/span><\/div><\/div>\n\t\t\t\t\n\t\t\t\t<div class=\"wp-block-button wc-block-grid__product-add-to-cart\"><a href=\"?add-to-cart=9312\" aria-label=\"Ajouter au panier\u00a0: &ldquo;Collier Charme Lapin Douillet FABLE&rdquo;\" data-quantity=\"1\" data-product_id=\"9312\" data-product_sku=\"FAI-FAB-40355\" data-price=\"39\" rel=\"nofollow\" class=\"wp-block-button__link  add_to_cart_button ajax_add_to_cart\">Ajouter au panier<\/a><\/div>\n\t\t\t<\/li><\/ul><\/div><\/div>\n<\/div>\n","protected":false},"excerpt":{"rendered":"","protected":false},"author":1,"featured_media":0,"parent":0,"menu_order":0,"comment_status":"closed","ping_status":"closed","template":"","meta":{"_seopress_robots_primary_cat":"","_seopress_titles_title":"","_seopress_titles_desc":"","_seopress_robots_index":"yes","_gspb_post_css":"","inline_featured_image":false,"footnotes":""},"class_list":["post-3410","page","type-page","status-publish","hentry","post-no-thumbnail"],"_links":{"self":[{"href":"https:\/\/the-popinjay.com\/fr\/wp-json\/wp\/v2\/pages\/3410","targetHints":{"allow":["GET"]}}],"collection":[{"href":"https:\/\/the-popinjay.com\/fr\/wp-json\/wp\/v2\/pages"}],"about":[{"href":"https:\/\/the-popinjay.com\/fr\/wp-json\/wp\/v2\/types\/page"}],"author":[{"embeddable":true,"href":"https:\/\/the-popinjay.com\/fr\/wp-json\/wp\/v2\/users\/1"}],"replies":[{"embeddable":true,"href":"https:\/\/the-popinjay.com\/fr\/wp-json\/wp\/v2\/comments?post=3410"}],"version-history":[{"count":0,"href":"https:\/\/the-popinjay.com\/fr\/wp-json\/wp\/v2\/pages\/3410\/revisions"}],"wp:attachment":[{"href":"https:\/\/the-popinjay.com\/fr\/wp-json\/wp\/v2\/media?parent=3410"}],"curies":[{"name":"wp","href":"https:\/\/api.w.org\/{rel}","templated":true}]}}