{"id":6452,"date":"2024-08-17T20:39:30","date_gmt":"2024-08-17T18:39:30","guid":{"rendered":"https:\/\/the-popinjay.com\/product\/masque-diomande-dan-cote-divoire\/"},"modified":"2024-08-17T20:39:30","modified_gmt":"2024-08-17T18:39:30","slug":"masque-diomande-dan-cote-divoire","status":"publish","type":"product","link":"https:\/\/the-popinjay.com\/fr\/produit\/masque-diomande-dan-cote-divoire\/","title":{"rendered":"Masque Diomande Dan, C\u00f4te d&#8217;Ivoire"},"content":{"rendered":"<p>Voici un exemple frappant de masque Dan, utilis\u00e9 par le peuple Dan, un groupe ethnique que l&#8217;on trouve principalement au Liberia et en C\u00f4te d&#8217;Ivoire, en Afrique de l&#8217;Ouest.<br \/>\nLes masques Dan sont r\u00e9put\u00e9s pour leur grande valeur culturelle et spirituelle. <\/p>\n","protected":false},"excerpt":{"rendered":"<p>Voici un exemple frappant de masque Dan, utilis\u00e9 par le peuple Dan, un groupe ethnique que l&#8217;on trouve principalement au Liberia et en C\u00f4te d&#8217;Ivoire, en Afrique de l&#8217;Ouest. Les masques Dan sont r\u00e9put\u00e9s pour leur grande valeur culturelle et spirituelle.<\/p>\n","protected":false},"featured_media":6255,"template":"","meta":{"_seopress_robots_primary_cat":"","_seopress_titles_title":"","_seopress_titles_desc":"","_seopress_robots_index":"","_gspb_post_css":"","inline_featured_image":false},"product_brand":[],"product_cat":[189],"product_tag":[202,199],"berocket_brand":[],"class_list":{"0":"post-6452","1":"product","2":"type-product","3":"status-publish","4":"has-post-thumbnail","6":"product_cat-vintage-fr","7":"product_tag-noir","8":"product_tag-rouge","10":"first","11":"instock","12":"sold-individually","13":"taxable","14":"shipping-taxable","15":"purchasable","16":"product-type-simple"},"_links":{"self":[{"href":"https:\/\/the-popinjay.com\/fr\/wp-json\/wp\/v2\/product\/6452","targetHints":{"allow":["GET"]}}],"collection":[{"href":"https:\/\/the-popinjay.com\/fr\/wp-json\/wp\/v2\/product"}],"about":[{"href":"https:\/\/the-popinjay.com\/fr\/wp-json\/wp\/v2\/types\/product"}],"wp:featuredmedia":[{"embeddable":true,"href":"https:\/\/the-popinjay.com\/fr\/wp-json\/wp\/v2\/media\/6255"}],"wp:attachment":[{"href":"https:\/\/the-popinjay.com\/fr\/wp-json\/wp\/v2\/media?parent=6452"}],"wp:term":[{"taxonomy":"product_brand","embeddable":true,"href":"https:\/\/the-popinjay.com\/fr\/wp-json\/wp\/v2\/product_brand?post=6452"},{"taxonomy":"product_cat","embeddable":true,"href":"https:\/\/the-popinjay.com\/fr\/wp-json\/wp\/v2\/product_cat?post=6452"},{"taxonomy":"product_tag","embeddable":true,"href":"https:\/\/the-popinjay.com\/fr\/wp-json\/wp\/v2\/product_tag?post=6452"},{"taxonomy":"berocket_brand","embeddable":true,"href":"https:\/\/the-popinjay.com\/fr\/wp-json\/wp\/v2\/berocket_brand?post=6452"}],"curies":[{"name":"wp","href":"https:\/\/api.w.org\/{rel}","templated":true}]}}