{"id":6456,"date":"2024-08-17T20:38:15","date_gmt":"2024-08-17T18:38:15","guid":{"rendered":"https:\/\/the-popinjay.com\/product\/table-et-chaises-de-salle-a-manger-vintage-en-bambou\/"},"modified":"2024-08-17T20:38:15","modified_gmt":"2024-08-17T18:38:15","slug":"table-et-chaises-de-salle-a-manger-vintage-en-bambou","status":"publish","type":"product","link":"https:\/\/the-popinjay.com\/fr\/produit\/table-et-chaises-de-salle-a-manger-vintage-en-bambou\/","title":{"rendered":"Table et chaises de salle \u00e0 manger vintage en bambou"},"content":{"rendered":"<p>Cet ensemble de salle \u00e0 manger vintage en bambou est compos\u00e9 d&#8217;une table circulaire et de quatre chaises de type &#8220;mathcing&#8221;.<br \/>\nNous l&#8217;avons remis au go\u00fbt du jour avec un vert pomme vibrant peint \u00e0 la main et des assises fra\u00eechement rembourr\u00e9es en utilisant le design Willow Bough de Morris&amp;co. <br \/>  Circa 1980&#8217;s.<br \/>  Largeur de la table 1,10 cm<\/p>\n","protected":false},"excerpt":{"rendered":"<p>Cet ensemble de salle \u00e0 manger vintage en bambou est compos\u00e9 d&#8217;une table circulaire et de quatre chaises de type &#8220;mathcing&#8221;. Nous l&#8217;avons remis au go\u00fbt du jour avec un vert pomme vibrant peint \u00e0 la main et des assises fra\u00eechement rembourr\u00e9es en utilisant le design Willow Bough de Morris&amp;co. Circa 1980&#8217;s. Largeur de la table 1,10 cm<\/p>\n","protected":false},"featured_media":6231,"template":"","meta":{"_seopress_robots_primary_cat":"","_seopress_titles_title":"","_seopress_titles_desc":"","_seopress_robots_index":"","_gspb_post_css":"","inline_featured_image":false},"product_brand":[],"product_cat":[189],"product_tag":[197],"berocket_brand":[],"class_list":{"0":"post-6456","1":"product","2":"type-product","3":"status-publish","4":"has-post-thumbnail","6":"product_cat-vintage-fr","7":"product_tag-vert","9":"first","10":"outofstock","11":"sold-individually","12":"taxable","13":"shipping-taxable","14":"purchasable","15":"product-type-simple"},"_links":{"self":[{"href":"https:\/\/the-popinjay.com\/fr\/wp-json\/wp\/v2\/product\/6456","targetHints":{"allow":["GET"]}}],"collection":[{"href":"https:\/\/the-popinjay.com\/fr\/wp-json\/wp\/v2\/product"}],"about":[{"href":"https:\/\/the-popinjay.com\/fr\/wp-json\/wp\/v2\/types\/product"}],"wp:featuredmedia":[{"embeddable":true,"href":"https:\/\/the-popinjay.com\/fr\/wp-json\/wp\/v2\/media\/6231"}],"wp:attachment":[{"href":"https:\/\/the-popinjay.com\/fr\/wp-json\/wp\/v2\/media?parent=6456"}],"wp:term":[{"taxonomy":"product_brand","embeddable":true,"href":"https:\/\/the-popinjay.com\/fr\/wp-json\/wp\/v2\/product_brand?post=6456"},{"taxonomy":"product_cat","embeddable":true,"href":"https:\/\/the-popinjay.com\/fr\/wp-json\/wp\/v2\/product_cat?post=6456"},{"taxonomy":"product_tag","embeddable":true,"href":"https:\/\/the-popinjay.com\/fr\/wp-json\/wp\/v2\/product_tag?post=6456"},{"taxonomy":"berocket_brand","embeddable":true,"href":"https:\/\/the-popinjay.com\/fr\/wp-json\/wp\/v2\/berocket_brand?post=6456"}],"curies":[{"name":"wp","href":"https:\/\/api.w.org\/{rel}","templated":true}]}}