{"id":6458,"date":"2024-08-17T20:37:42","date_gmt":"2024-08-17T18:37:42","guid":{"rendered":"https:\/\/the-popinjay.com\/product\/fauteuil-teo-par-vincent-shepphard\/"},"modified":"2024-08-17T20:37:42","modified_gmt":"2024-08-17T18:37:42","slug":"fauteuil-teo-par-vincent-shepphard","status":"publish","type":"product","link":"https:\/\/the-popinjay.com\/fr\/produit\/fauteuil-teo-par-vincent-shepphard\/","title":{"rendered":"Fauteuil &#8220;TEO&#8221; par Vincent Shepphard"},"content":{"rendered":"<p>L&#8217;embl\u00e9matique chaise de salle \u00e0 manger Atelier N\/7 Teo de la maison de design belge Vincent Shepphard est un bel exemple de savoir-faire expert, de lignes pures et de confort surprenant.<br \/>  Rappelant les classiques du design vintage, les lignes \u00e9pur\u00e9es et le bois magnifiquement travaill\u00e9 de la chaise font \u00e9cho au design du milieu du si\u00e8cle et au design scandinave.  <\/p>\n<p>Utilis\u00e9 mais en parfait \u00e9tat.<\/p>\n","protected":false},"excerpt":{"rendered":"<p>L&#8217;embl\u00e9matique chaise de salle \u00e0 manger Atelier N\/7 Teo de la maison de design belge Vincent Shepphard est un bel exemple de savoir-faire expert, de lignes pures et de confort surprenant. Rappelant les classiques du design vintage, les lignes \u00e9pur\u00e9es et le bois magnifiquement travaill\u00e9 de la chaise font \u00e9cho au design du milieu du si\u00e8cle et au design scandinave. Utilis\u00e9 mais en parfait \u00e9tat.<\/p>\n","protected":false},"featured_media":6224,"template":"","meta":{"_seopress_robots_primary_cat":"","_seopress_titles_title":"","_seopress_titles_desc":"","_seopress_robots_index":"","_gspb_post_css":"","inline_featured_image":false},"product_brand":[],"product_cat":[189],"product_tag":[203,202],"berocket_brand":[],"class_list":{"0":"post-6458","1":"product","2":"type-product","3":"status-publish","4":"has-post-thumbnail","6":"product_cat-vintage-fr","7":"product_tag-bois","8":"product_tag-noir","10":"first","11":"instock","12":"sold-individually","13":"taxable","14":"shipping-taxable","15":"purchasable","16":"product-type-simple"},"_links":{"self":[{"href":"https:\/\/the-popinjay.com\/fr\/wp-json\/wp\/v2\/product\/6458","targetHints":{"allow":["GET"]}}],"collection":[{"href":"https:\/\/the-popinjay.com\/fr\/wp-json\/wp\/v2\/product"}],"about":[{"href":"https:\/\/the-popinjay.com\/fr\/wp-json\/wp\/v2\/types\/product"}],"wp:featuredmedia":[{"embeddable":true,"href":"https:\/\/the-popinjay.com\/fr\/wp-json\/wp\/v2\/media\/6224"}],"wp:attachment":[{"href":"https:\/\/the-popinjay.com\/fr\/wp-json\/wp\/v2\/media?parent=6458"}],"wp:term":[{"taxonomy":"product_brand","embeddable":true,"href":"https:\/\/the-popinjay.com\/fr\/wp-json\/wp\/v2\/product_brand?post=6458"},{"taxonomy":"product_cat","embeddable":true,"href":"https:\/\/the-popinjay.com\/fr\/wp-json\/wp\/v2\/product_cat?post=6458"},{"taxonomy":"product_tag","embeddable":true,"href":"https:\/\/the-popinjay.com\/fr\/wp-json\/wp\/v2\/product_tag?post=6458"},{"taxonomy":"berocket_brand","embeddable":true,"href":"https:\/\/the-popinjay.com\/fr\/wp-json\/wp\/v2\/berocket_brand?post=6458"}],"curies":[{"name":"wp","href":"https:\/\/api.w.org\/{rel}","templated":true}]}}