{"id":6466,"date":"2024-08-17T20:32:58","date_gmt":"2024-08-17T18:32:58","guid":{"rendered":"https:\/\/the-popinjay.com\/product\/le-seau-folklorique-tolstoi-2\/"},"modified":"2024-09-05T20:06:58","modified_gmt":"2024-09-05T18:06:58","slug":"le-seau-folklorique-tolstoi-2","status":"publish","type":"product","link":"https:\/\/the-popinjay.com\/fr\/produit\/le-seau-folklorique-tolstoi-2\/","title":{"rendered":"Le seau folklorique Tolsto\u00ef"},"content":{"rendered":"<p>Ce magnifique seau en m\u00e9tal peint \u00e0 la main pr\u00e9sente des fleurs de style folklorique traditionnel et poss\u00e8de une poign\u00e9e en m\u00e9tal et en bois tourn\u00e9 pour une prise en main facile.<\/p>\n<p>Non seulement tr\u00e8s d\u00e9coratif, mais aussi tr\u00e8s pratique. Id\u00e9al pour ranger le bois d&#8217;allumage pr\u00e8s de votre chemin\u00e9e ou vos magazines de d\u00e9coration int\u00e9rieure pr\u00e9f\u00e9r\u00e9s. Ce mod\u00e8le pr\u00e9sente une composition florale sur un fond bleu fonc\u00e9.<\/p>\n","protected":false},"excerpt":{"rendered":"<p>Ce magnifique seau en m\u00e9tal peint \u00e0 la main pr\u00e9sente des fleurs de style folklorique traditionnel et poss\u00e8de une poign\u00e9e en m\u00e9tal et en bois tourn\u00e9 pour une prise en main facile. Non seulement tr\u00e8s d\u00e9coratif, mais aussi tr\u00e8s pratique. Id\u00e9al pour ranger le bois d&#8217;allumage pr\u00e8s de votre chemin\u00e9e ou vos magazines de d\u00e9coration int\u00e9rieure pr\u00e9f\u00e9r\u00e9s. Ce mod\u00e8le pr\u00e9sente une composition florale sur un fond bleu fonc\u00e9.<\/p>\n","protected":false},"featured_media":6163,"template":"","meta":{"_seopress_robots_primary_cat":"","_seopress_titles_title":"","_seopress_titles_desc":"","_seopress_robots_index":"","_gspb_post_css":"","inline_featured_image":false},"product_brand":[],"product_cat":[189],"product_tag":[192,204,197],"berocket_brand":[],"class_list":{"0":"post-6466","1":"product","2":"type-product","3":"status-publish","4":"has-post-thumbnail","6":"product_cat-vintage-fr","7":"product_tag-blue-fr","8":"product_tag-metal-fr","9":"product_tag-vert","11":"first","12":"outofstock","13":"sold-individually","14":"taxable","15":"shipping-taxable","16":"purchasable","17":"product-type-simple"},"_links":{"self":[{"href":"https:\/\/the-popinjay.com\/fr\/wp-json\/wp\/v2\/product\/6466","targetHints":{"allow":["GET"]}}],"collection":[{"href":"https:\/\/the-popinjay.com\/fr\/wp-json\/wp\/v2\/product"}],"about":[{"href":"https:\/\/the-popinjay.com\/fr\/wp-json\/wp\/v2\/types\/product"}],"wp:featuredmedia":[{"embeddable":true,"href":"https:\/\/the-popinjay.com\/fr\/wp-json\/wp\/v2\/media\/6163"}],"wp:attachment":[{"href":"https:\/\/the-popinjay.com\/fr\/wp-json\/wp\/v2\/media?parent=6466"}],"wp:term":[{"taxonomy":"product_brand","embeddable":true,"href":"https:\/\/the-popinjay.com\/fr\/wp-json\/wp\/v2\/product_brand?post=6466"},{"taxonomy":"product_cat","embeddable":true,"href":"https:\/\/the-popinjay.com\/fr\/wp-json\/wp\/v2\/product_cat?post=6466"},{"taxonomy":"product_tag","embeddable":true,"href":"https:\/\/the-popinjay.com\/fr\/wp-json\/wp\/v2\/product_tag?post=6466"},{"taxonomy":"berocket_brand","embeddable":true,"href":"https:\/\/the-popinjay.com\/fr\/wp-json\/wp\/v2\/berocket_brand?post=6466"}],"curies":[{"name":"wp","href":"https:\/\/api.w.org\/{rel}","templated":true}]}}