{"id":6470,"date":"2024-08-17T20:31:45","date_gmt":"2024-08-17T18:31:45","guid":{"rendered":"https:\/\/the-popinjay.com\/product\/la-table-de-travail-en-fer-art-deco\/"},"modified":"2025-01-28T07:58:37","modified_gmt":"2025-01-28T06:58:37","slug":"la-table-de-travail-en-fer-art-deco","status":"publish","type":"product","link":"https:\/\/the-popinjay.com\/fr\/produit\/la-table-de-travail-en-fer-art-deco\/","title":{"rendered":"La table de travail en fer Art d\u00e9co"},"content":{"rendered":"<p>Magnifique table d&#8217;appoint en fer, restaur\u00e9e et repeinte avec amour, datant de l&#8217;\u00e9poque Art D\u00e9co.<\/p>\n","protected":false},"excerpt":{"rendered":"<p>Magnifique table d&#8217;appoint en fer, restaur\u00e9e et repeinte avec amour, datant de l&#8217;\u00e9poque Art D\u00e9co.<\/p>\n","protected":false},"featured_media":6146,"template":"","meta":{"_seopress_robots_primary_cat":"","_seopress_titles_title":"","_seopress_titles_desc":"","_seopress_robots_index":"","_gspb_post_css":"","inline_featured_image":false},"product_brand":[],"product_cat":[189],"product_tag":[204],"berocket_brand":[],"class_list":{"0":"post-6470","1":"product","2":"type-product","3":"status-publish","4":"has-post-thumbnail","6":"product_cat-vintage-fr","7":"product_tag-metal-fr","9":"first","10":"outofstock","11":"sold-individually","12":"taxable","13":"shipping-taxable","14":"purchasable","15":"product-type-simple"},"_links":{"self":[{"href":"https:\/\/the-popinjay.com\/fr\/wp-json\/wp\/v2\/product\/6470","targetHints":{"allow":["GET"]}}],"collection":[{"href":"https:\/\/the-popinjay.com\/fr\/wp-json\/wp\/v2\/product"}],"about":[{"href":"https:\/\/the-popinjay.com\/fr\/wp-json\/wp\/v2\/types\/product"}],"wp:featuredmedia":[{"embeddable":true,"href":"https:\/\/the-popinjay.com\/fr\/wp-json\/wp\/v2\/media\/6146"}],"wp:attachment":[{"href":"https:\/\/the-popinjay.com\/fr\/wp-json\/wp\/v2\/media?parent=6470"}],"wp:term":[{"taxonomy":"product_brand","embeddable":true,"href":"https:\/\/the-popinjay.com\/fr\/wp-json\/wp\/v2\/product_brand?post=6470"},{"taxonomy":"product_cat","embeddable":true,"href":"https:\/\/the-popinjay.com\/fr\/wp-json\/wp\/v2\/product_cat?post=6470"},{"taxonomy":"product_tag","embeddable":true,"href":"https:\/\/the-popinjay.com\/fr\/wp-json\/wp\/v2\/product_tag?post=6470"},{"taxonomy":"berocket_brand","embeddable":true,"href":"https:\/\/the-popinjay.com\/fr\/wp-json\/wp\/v2\/berocket_brand?post=6470"}],"curies":[{"name":"wp","href":"https:\/\/api.w.org\/{rel}","templated":true}]}}