{"id":6712,"date":"2024-10-06T15:21:33","date_gmt":"2024-10-06T13:21:33","guid":{"rendered":"https:\/\/the-popinjay.com\/product\/couverture-en-laine-marron-hibou\/"},"modified":"2024-10-06T18:52:43","modified_gmt":"2024-10-06T16:52:43","slug":"couverture-en-laine-marron-hibou","status":"publish","type":"product","link":"https:\/\/the-popinjay.com\/fr\/produit\/couverture-en-laine-marron-hibou\/","title":{"rendered":"Couverture en laine marron &#8211; Hibou"},"content":{"rendered":"<p>Twit Twoah !<br \/>\nCette couverture cousue ne manquera pas de faire sensation dans n&#8217;importe quelle pi\u00e8ce.<br \/>\nElle est disponible dans une magnifique teinte taupe qui rappelle la magnifique chouette elle-m\u00eame.<br \/>\nCompos\u00e9e de 80 % de laine et de 20 % de coton, cette couverture aux capacit\u00e9s isolantes naturelles est la couche douillette id\u00e9ale tout au long de l&#8217;ann\u00e9e.<br \/>\nEnti\u00e8rement r\u00e9versible, elle pr\u00e9sente une \u00e9l\u00e9gante palette de couleurs qui est invers\u00e9e au verso, vous offrant ainsi deux couvertures en une.<br \/>\nAvec son bord cousu et son design unique, cette pi\u00e8ce d&#8217;exception ajoutera un caract\u00e8re unique et une touche de s\u00e9r\u00e9nit\u00e9 apaisante \u00e0 votre int\u00e9rieur.<br \/>\nMarron et blanc cass\u00e9 | 130 x 180 cm | 80 % laine, 20 % coton | Lavable en machine | Enti\u00e8rement r\u00e9versible D\u00e9tails &#8211; Poids : 1,1 kg (2,43 lb) &#8211; Dimensions : 457,2 x 330,2 x 2,5 cm (180 x 130 x 1 in)      <\/p>\n","protected":false},"excerpt":{"rendered":"<p>Twit Twoah ! Cette couverture cousue ne manquera pas de faire sensation dans n&#8217;importe quelle pi\u00e8ce. Elle est disponible dans une magnifique teinte taupe qui rappelle la magnifique chouette elle-m\u00eame. Compos\u00e9e de 80 % de laine et de 20 % de coton, cette couverture aux capacit\u00e9s isolantes naturelles est la couche douillette id\u00e9ale tout au long de l&#8217;ann\u00e9e. Enti\u00e8rement r\u00e9versible, elle pr\u00e9sente une \u00e9l\u00e9gante palette de couleurs qui est invers\u00e9e au verso, vous offrant ainsi deux couvertures en une. Avec son bord cousu et son design unique, cette pi\u00e8ce d&#8217;exception ajoutera un caract\u00e8re unique et une touche de s\u00e9r\u00e9nit\u00e9 apaisante \u00e0 votre int\u00e9rieur. Marron et blanc cass\u00e9 | 130 x 180 cm | 80 % laine, 20 % coton | Lavable en machine | Enti\u00e8rement r\u00e9versible D\u00e9tails &#8211; Poids : 1,1 kg (2,43 lb) &#8211; Dimensions : 457,2 x 330,2 x 2,5 cm (180 x 130 x 1 in)<\/p>\n","protected":false},"featured_media":6732,"template":"","meta":{"_seopress_robots_primary_cat":"none","_seopress_titles_title":"","_seopress_titles_desc":"","_seopress_robots_index":"","_gspb_post_css":"","inline_featured_image":false},"product_brand":[],"product_cat":[230],"product_tag":[213],"berocket_brand":[286],"class_list":{"0":"post-6712","1":"product","2":"type-product","3":"status-publish","4":"has-post-thumbnail","6":"product_cat-coussins-et-couvertures","7":"product_tag-laine","8":"berocket_brand-jj-textile-fr","10":"first","11":"outofstock","12":"sold-individually","13":"taxable","14":"shipping-taxable","15":"purchasable","16":"product-type-simple"},"_links":{"self":[{"href":"https:\/\/the-popinjay.com\/fr\/wp-json\/wp\/v2\/product\/6712","targetHints":{"allow":["GET"]}}],"collection":[{"href":"https:\/\/the-popinjay.com\/fr\/wp-json\/wp\/v2\/product"}],"about":[{"href":"https:\/\/the-popinjay.com\/fr\/wp-json\/wp\/v2\/types\/product"}],"wp:featuredmedia":[{"embeddable":true,"href":"https:\/\/the-popinjay.com\/fr\/wp-json\/wp\/v2\/media\/6732"}],"wp:attachment":[{"href":"https:\/\/the-popinjay.com\/fr\/wp-json\/wp\/v2\/media?parent=6712"}],"wp:term":[{"taxonomy":"product_brand","embeddable":true,"href":"https:\/\/the-popinjay.com\/fr\/wp-json\/wp\/v2\/product_brand?post=6712"},{"taxonomy":"product_cat","embeddable":true,"href":"https:\/\/the-popinjay.com\/fr\/wp-json\/wp\/v2\/product_cat?post=6712"},{"taxonomy":"product_tag","embeddable":true,"href":"https:\/\/the-popinjay.com\/fr\/wp-json\/wp\/v2\/product_tag?post=6712"},{"taxonomy":"berocket_brand","embeddable":true,"href":"https:\/\/the-popinjay.com\/fr\/wp-json\/wp\/v2\/berocket_brand?post=6712"}],"curies":[{"name":"wp","href":"https:\/\/api.w.org\/{rel}","templated":true}]}}