{"id":6715,"date":"2024-10-06T15:21:28","date_gmt":"2024-10-06T13:21:28","guid":{"rendered":"https:\/\/the-popinjay.com\/product\/coussin-beige-en-pure-laine-lievre\/"},"modified":"2024-10-10T11:38:59","modified_gmt":"2024-10-10T09:38:59","slug":"coussin-beige-en-pure-laine-lievre","status":"publish","type":"product","link":"https:\/\/the-popinjay.com\/fr\/produit\/coussin-beige-en-pure-laine-lievre\/","title":{"rendered":"Coussin Beige en pure laine &#8211; Li\u00e8vre"},"content":{"rendered":"<p>R\u00e9pandez une bouff\u00e9e de printemps dans votre maison avec notre coussin Li\u00e8vre.<br \/>\nFabriqu\u00e9e \u00e0 100 % en laine, vous aurez l&#8217;impression d&#8217;\u00eatre entour\u00e9 de v\u00e9ritables li\u00e8vres printaniers.<br \/>\nNotre motif est r\u00e9alis\u00e9 dans des couleurs douces, marron et blanc cass\u00e9, avec la possibilit\u00e9 d&#8217;inverser le motif pour l&#8217;adapter \u00e0 votre style personnel.<br \/>\nAvec son design unique en pure laine, ce coussin est le moyen id\u00e9al d&#8217;ajouter une touche finale chaleureuse et douillette \u00e0 n&#8217;importe quelle pi\u00e8ce.<br \/>\nCon\u00e7ue pour compl\u00e9ter parfaitement notre gamme de couvertures et de plaids, chaque coussin pr\u00e9sente un motif diff\u00e9rent au recto et au verso, de sorte qu&#8217;elles s&#8217;associent parfaitement par paires.<br \/>\nUne fermeture \u00e9clair dissimul\u00e9e ajoute un dernier d\u00e9tail bien pens\u00e9.<br \/>\nBeige et Off-White | 45 x 45 cm (18 x 18&#8243;) | 100 % pure laine vierge | Lavable en machine | Enti\u00e8rement r\u00e9versible | Fermeture \u00e0 glissi\u00e8re D\u00e9tails &#8211; Poids : 300 g &#8211; Dimensions : 114,3 x 114,3 x 2,5 cm (45 x 45 x 1 in)<\/p>\n","protected":false},"excerpt":{"rendered":"<p>R\u00e9pandez une bouff\u00e9e de printemps dans votre maison avec notre coussin Li\u00e8vre. Fabriqu\u00e9e \u00e0 100 % en laine, vous aurez l&#8217;impression d&#8217;\u00eatre entour\u00e9 de v\u00e9ritables li\u00e8vres printaniers. Notre motif est r\u00e9alis\u00e9 dans des couleurs douces, marron et blanc cass\u00e9, avec la possibilit\u00e9 d&#8217;inverser le motif pour l&#8217;adapter \u00e0 votre style personnel. Avec son design unique en pure laine, ce coussin est le moyen id\u00e9al d&#8217;ajouter une touche finale chaleureuse et douillette \u00e0 n&#8217;importe quelle pi\u00e8ce. Con\u00e7ue pour compl\u00e9ter parfaitement notre gamme de couvertures et de plaids, chaque coussin pr\u00e9sente un motif diff\u00e9rent au recto et au verso, de sorte qu&#8217;elles s&#8217;associent parfaitement par paires. Une fermeture \u00e9clair dissimul\u00e9e ajoute un dernier d\u00e9tail bien pens\u00e9. Beige et Off-White | 45 x 45 cm (18 x 18&#8243;) | 100 % pure laine vierge | Lavable en machine | Enti\u00e8rement r\u00e9versible | Fermeture \u00e0 glissi\u00e8re D\u00e9tails &#8211; Poids : 300 g &#8211; Dimensions : 114,3 x 114,3 x 2,5 cm (45 x 45 x 1 in)<\/p>\n","protected":false},"featured_media":6680,"template":"","meta":{"_seopress_robots_primary_cat":"none","_seopress_titles_title":"","_seopress_titles_desc":"","_seopress_robots_index":"","_gspb_post_css":"","inline_featured_image":false},"product_brand":[],"product_cat":[230],"product_tag":[213],"berocket_brand":[286],"class_list":{"0":"post-6715","1":"product","2":"type-product","3":"status-publish","4":"has-post-thumbnail","6":"product_cat-coussins-et-couvertures","7":"product_tag-laine","8":"berocket_brand-jj-textile-fr","10":"first","11":"outofstock","12":"taxable","13":"shipping-taxable","14":"purchasable","15":"product-type-simple"},"_links":{"self":[{"href":"https:\/\/the-popinjay.com\/fr\/wp-json\/wp\/v2\/product\/6715","targetHints":{"allow":["GET"]}}],"collection":[{"href":"https:\/\/the-popinjay.com\/fr\/wp-json\/wp\/v2\/product"}],"about":[{"href":"https:\/\/the-popinjay.com\/fr\/wp-json\/wp\/v2\/types\/product"}],"wp:featuredmedia":[{"embeddable":true,"href":"https:\/\/the-popinjay.com\/fr\/wp-json\/wp\/v2\/media\/6680"}],"wp:attachment":[{"href":"https:\/\/the-popinjay.com\/fr\/wp-json\/wp\/v2\/media?parent=6715"}],"wp:term":[{"taxonomy":"product_brand","embeddable":true,"href":"https:\/\/the-popinjay.com\/fr\/wp-json\/wp\/v2\/product_brand?post=6715"},{"taxonomy":"product_cat","embeddable":true,"href":"https:\/\/the-popinjay.com\/fr\/wp-json\/wp\/v2\/product_cat?post=6715"},{"taxonomy":"product_tag","embeddable":true,"href":"https:\/\/the-popinjay.com\/fr\/wp-json\/wp\/v2\/product_tag?post=6715"},{"taxonomy":"berocket_brand","embeddable":true,"href":"https:\/\/the-popinjay.com\/fr\/wp-json\/wp\/v2\/berocket_brand?post=6715"}],"curies":[{"name":"wp","href":"https:\/\/api.w.org\/{rel}","templated":true}]}}