{"id":6717,"date":"2024-10-06T15:21:24","date_gmt":"2024-10-06T13:21:24","guid":{"rendered":"https:\/\/the-popinjay.com\/product\/coussin-en-laine-bleu-mouton\/"},"modified":"2024-10-06T18:56:23","modified_gmt":"2024-10-06T16:56:23","slug":"coussin-en-laine-bleu-mouton","status":"publish","type":"product","link":"https:\/\/the-popinjay.com\/fr\/produit\/coussin-en-laine-bleu-mouton\/","title":{"rendered":"Coussin en laine bleu &#8211; Mouton"},"content":{"rendered":"<p>Notre coussin en forme de mouton bleu capture sans effort l&#8217;essence de la vie rustique \u00e0 la campagne, ce qui en fait un ajout charmant \u00e0 n&#8217;importe quel int\u00e9rieur.<br \/>\nQu&#8217;il soit nich\u00e9 sur votre canap\u00e9 ou assis sur votre fauteuil pr\u00e9f\u00e9r\u00e9, ce coussin apporte une touche de caract\u00e8re et de calme.<br \/>\nAvec son design unique en pure laine, cette housse de coussin est le moyen id\u00e9al d&#8217;ajouter une touche finale chaleureuse et douillette \u00e0 n&#8217;importe quelle pi\u00e8ce.<br \/>\nCon\u00e7ue pour compl\u00e9ter parfaitement notre gamme de couvertures et de plaids, chaque housse pr\u00e9sente un motif diff\u00e9rent \u00e0 l&#8217;avant et \u00e0 l&#8217;arri\u00e8re, de sorte qu&#8217;elles s&#8217;associent parfaitement par paires.<br \/>\nUne fermeture \u00e9clair dissimul\u00e9e ajoute un dernier d\u00e9tail bien pens\u00e9.<br \/>\nBleu denim et blanc cass\u00e9 | 45 x 45 cm (18 x 18&#8243;) | 100 % pure laine vierge | Lavable en machine | Enti\u00e8rement r\u00e9versible | Fermeture \u00e0 glissi\u00e8re D\u00e9tails &#8211; Poids : 199,58 g (7,04 oz) &#8211; Dimensions : 114,3 x 114,3 x 2,5 cm (45 x 45 x 1 in) Informations \u00e9cologiques Emballage : Recyclable     <\/p>\n","protected":false},"excerpt":{"rendered":"<p>Notre coussin en forme de mouton bleu capture sans effort l&#8217;essence de la vie rustique \u00e0 la campagne, ce qui en fait un ajout charmant \u00e0 n&#8217;importe quel int\u00e9rieur. Qu&#8217;il soit nich\u00e9 sur votre canap\u00e9 ou assis sur votre fauteuil pr\u00e9f\u00e9r\u00e9, ce coussin apporte une touche de caract\u00e8re et de calme. Avec son design unique en pure laine, cette housse de coussin est le moyen id\u00e9al d&#8217;ajouter une touche finale chaleureuse et douillette \u00e0 n&#8217;importe quelle pi\u00e8ce. Con\u00e7ue pour compl\u00e9ter parfaitement notre gamme de couvertures et de plaids, chaque housse pr\u00e9sente un motif diff\u00e9rent \u00e0 l&#8217;avant et \u00e0 l&#8217;arri\u00e8re, de sorte qu&#8217;elles s&#8217;associent parfaitement par paires. Une fermeture \u00e9clair dissimul\u00e9e ajoute un dernier d\u00e9tail bien pens\u00e9. Bleu denim et blanc cass\u00e9 | 45 x 45 cm (18 x 18&#8243;) | 100 % pure laine vierge | Lavable en machine | Enti\u00e8rement r\u00e9versible | Fermeture \u00e0 glissi\u00e8re D\u00e9tails &#8211; Poids : 199,58 g (7,04 oz) &#8211; Dimensions : 114,3 x 114,3 x 2,5 cm (45 x 45 x 1 in) Informations \u00e9cologiques Emballage : Recyclable<\/p>\n","protected":false},"featured_media":6660,"template":"","meta":{"_seopress_robots_primary_cat":"none","_seopress_titles_title":"","_seopress_titles_desc":"","_seopress_robots_index":"","_gspb_post_css":"","inline_featured_image":false},"product_brand":[],"product_cat":[230],"product_tag":[213],"berocket_brand":[286],"class_list":{"0":"post-6717","1":"product","2":"type-product","3":"status-publish","4":"has-post-thumbnail","6":"product_cat-coussins-et-couvertures","7":"product_tag-laine","8":"berocket_brand-jj-textile-fr","10":"first","11":"outofstock","12":"taxable","13":"shipping-taxable","14":"purchasable","15":"product-type-simple"},"_links":{"self":[{"href":"https:\/\/the-popinjay.com\/fr\/wp-json\/wp\/v2\/product\/6717","targetHints":{"allow":["GET"]}}],"collection":[{"href":"https:\/\/the-popinjay.com\/fr\/wp-json\/wp\/v2\/product"}],"about":[{"href":"https:\/\/the-popinjay.com\/fr\/wp-json\/wp\/v2\/types\/product"}],"wp:featuredmedia":[{"embeddable":true,"href":"https:\/\/the-popinjay.com\/fr\/wp-json\/wp\/v2\/media\/6660"}],"wp:attachment":[{"href":"https:\/\/the-popinjay.com\/fr\/wp-json\/wp\/v2\/media?parent=6717"}],"wp:term":[{"taxonomy":"product_brand","embeddable":true,"href":"https:\/\/the-popinjay.com\/fr\/wp-json\/wp\/v2\/product_brand?post=6717"},{"taxonomy":"product_cat","embeddable":true,"href":"https:\/\/the-popinjay.com\/fr\/wp-json\/wp\/v2\/product_cat?post=6717"},{"taxonomy":"product_tag","embeddable":true,"href":"https:\/\/the-popinjay.com\/fr\/wp-json\/wp\/v2\/product_tag?post=6717"},{"taxonomy":"berocket_brand","embeddable":true,"href":"https:\/\/the-popinjay.com\/fr\/wp-json\/wp\/v2\/berocket_brand?post=6717"}],"curies":[{"name":"wp","href":"https:\/\/api.w.org\/{rel}","templated":true}]}}