{"id":6718,"date":"2024-10-06T15:21:22","date_gmt":"2024-10-06T13:21:22","guid":{"rendered":"https:\/\/the-popinjay.com\/product\/coussin-vert-en-laine-pure-mouton\/"},"modified":"2024-10-06T18:57:12","modified_gmt":"2024-10-06T16:57:12","slug":"coussin-vert-en-laine-pure-mouton","status":"publish","type":"product","link":"https:\/\/the-popinjay.com\/fr\/produit\/coussin-vert-en-laine-pure-mouton\/","title":{"rendered":"Coussin vert en laine pure &#8211; Mouton"},"content":{"rendered":"<p>Voici notre charmant coussin mouton, d\u00e9sormais disponible dans cette d\u00e9licieuse couleur vert mousse.<br \/>\nAm\u00e9liorez votre d\u00e9cor avec la chaleur et le caract\u00e8re de notre coussin Mossy Green Sheep aujourd&#8217;hui.<br \/>\nAvec son design unique en pure laine, cette housse de coussin est le moyen id\u00e9al d&#8217;ajouter une touche finale chaleureuse et douillette \u00e0 n&#8217;importe quelle pi\u00e8ce.<br \/>\nCon\u00e7ue pour compl\u00e9ter parfaitement notre gamme de couvertures et de plaids, chaque housse pr\u00e9sente un motif diff\u00e9rent \u00e0 l&#8217;avant et \u00e0 l&#8217;arri\u00e8re, de sorte qu&#8217;elles vont parfaitement par paires.<br \/>\nUne fermeture \u00e9clair dissimul\u00e9e ajoute un dernier d\u00e9tail bien pens\u00e9.<br \/>\nVert mousse et blanc cass\u00e9 | 45 x 45 cm (18 x 18&#8243;) | 100 % pure laine vierge | Lavable en machine | Enti\u00e8rement r\u00e9versible | Fermeture \u00e0 glissi\u00e8re D\u00e9tails &#8211; Poids : 199,58 g (7,04 oz) &#8211; Dimensions : 114,3 x 114,3 x 2,5 cm (45 x 45 x 1 in) Informations \u00e9cologiques Emballage : Recyclable     <\/p>\n","protected":false},"excerpt":{"rendered":"<p>Voici notre charmant coussin mouton, d\u00e9sormais disponible dans cette d\u00e9licieuse couleur vert mousse. Am\u00e9liorez votre d\u00e9cor avec la chaleur et le caract\u00e8re de notre coussin Mossy Green Sheep aujourd&#8217;hui. Avec son design unique en pure laine, cette housse de coussin est le moyen id\u00e9al d&#8217;ajouter une touche finale chaleureuse et douillette \u00e0 n&#8217;importe quelle pi\u00e8ce. Con\u00e7ue pour compl\u00e9ter parfaitement notre gamme de couvertures et de plaids, chaque housse pr\u00e9sente un motif diff\u00e9rent \u00e0 l&#8217;avant et \u00e0 l&#8217;arri\u00e8re, de sorte qu&#8217;elles vont parfaitement par paires. Une fermeture \u00e9clair dissimul\u00e9e ajoute un dernier d\u00e9tail bien pens\u00e9. Vert mousse et blanc cass\u00e9 | 45 x 45 cm (18 x 18&#8243;) | 100 % pure laine vierge | Lavable en machine | Enti\u00e8rement r\u00e9versible | Fermeture \u00e0 glissi\u00e8re D\u00e9tails &#8211; Poids : 199,58 g (7,04 oz) &#8211; Dimensions : 114,3 x 114,3 x 2,5 cm (45 x 45 x 1 in) Informations \u00e9cologiques Emballage : Recyclable<\/p>\n","protected":false},"featured_media":6650,"template":"","meta":{"_seopress_robots_primary_cat":"none","_seopress_titles_title":"","_seopress_titles_desc":"","_seopress_robots_index":"","_gspb_post_css":"","inline_featured_image":false},"product_brand":[],"product_cat":[230],"product_tag":[213],"berocket_brand":[286],"class_list":{"0":"post-6718","1":"product","2":"type-product","3":"status-publish","4":"has-post-thumbnail","6":"product_cat-coussins-et-couvertures","7":"product_tag-laine","8":"berocket_brand-jj-textile-fr","10":"first","11":"instock","12":"sold-individually","13":"taxable","14":"shipping-taxable","15":"purchasable","16":"product-type-simple"},"_links":{"self":[{"href":"https:\/\/the-popinjay.com\/fr\/wp-json\/wp\/v2\/product\/6718","targetHints":{"allow":["GET"]}}],"collection":[{"href":"https:\/\/the-popinjay.com\/fr\/wp-json\/wp\/v2\/product"}],"about":[{"href":"https:\/\/the-popinjay.com\/fr\/wp-json\/wp\/v2\/types\/product"}],"wp:featuredmedia":[{"embeddable":true,"href":"https:\/\/the-popinjay.com\/fr\/wp-json\/wp\/v2\/media\/6650"}],"wp:attachment":[{"href":"https:\/\/the-popinjay.com\/fr\/wp-json\/wp\/v2\/media?parent=6718"}],"wp:term":[{"taxonomy":"product_brand","embeddable":true,"href":"https:\/\/the-popinjay.com\/fr\/wp-json\/wp\/v2\/product_brand?post=6718"},{"taxonomy":"product_cat","embeddable":true,"href":"https:\/\/the-popinjay.com\/fr\/wp-json\/wp\/v2\/product_cat?post=6718"},{"taxonomy":"product_tag","embeddable":true,"href":"https:\/\/the-popinjay.com\/fr\/wp-json\/wp\/v2\/product_tag?post=6718"},{"taxonomy":"berocket_brand","embeddable":true,"href":"https:\/\/the-popinjay.com\/fr\/wp-json\/wp\/v2\/berocket_brand?post=6718"}],"curies":[{"name":"wp","href":"https:\/\/api.w.org\/{rel}","templated":true}]}}