{"id":6719,"date":"2024-10-06T15:21:21","date_gmt":"2024-10-06T13:21:21","guid":{"rendered":"https:\/\/the-popinjay.com\/product\/plaid-rouge-en-laine-pure-mouton\/"},"modified":"2024-10-06T15:21:21","modified_gmt":"2024-10-06T13:21:21","slug":"plaid-rouge-en-laine-pure-mouton","status":"publish","type":"product","link":"https:\/\/the-popinjay.com\/fr\/produit\/plaid-rouge-en-laine-pure-mouton\/","title":{"rendered":"Plaid rouge en laine pure &#8211; Mouton"},"content":{"rendered":"<p>Si vous aimez que votre maison soit un lieu de s\u00e9r\u00e9nit\u00e9 et de calme, ce plaid est fait pour vous.<br \/>\nAvec une belle palette de couleurs neutres et notre motif classique de mouton, cette couverture est parfaite pour faire entrer l&#8217;ext\u00e9rieur \u00e0 l&#8217;int\u00e9rieur. <\/p>\n<p>Fabriqu\u00e9e \u00e0 100 % en pure laine, cette couverture aux capacit\u00e9s isolantes naturelles est la couche douillette id\u00e9ale tout au long de l&#8217;ann\u00e9e.<br \/>\nEnti\u00e8rement r\u00e9versible, elle pr\u00e9sente une \u00e9l\u00e9gante palette de couleurs qui est invers\u00e9e au verso, ce qui vous permet de disposer de deux couvertures en une.<br \/>\nAvec son bord frang\u00e9 et son design unique, cette pi\u00e8ce ajoutera un caract\u00e8re unique et une touche de s\u00e9r\u00e9nit\u00e9 \u00e0 votre int\u00e9rieur.  <\/p>\n<p>Bourgogne et blanc cass\u00e9 | 130 x 190 cm (51 x 75 in) | 100% pure laine vierge | Lavable en machine | Enti\u00e8rement r\u00e9versible<\/p>\n<p>D\u00e9tails<\/p>\n<p>&#8211; Fabriqu\u00e9 en Lituanie<br \/> &#8211; Poids : 0,9 kg (1,98 lb)<br \/> &#8211; Dimensions : 482,6 x 330,2 x 2,5 cm (190 x 130 x 1 in)<\/p>\n","protected":false},"excerpt":{"rendered":"<p>Si vous aimez que votre maison soit un lieu de s\u00e9r\u00e9nit\u00e9 et de calme, ce plaid est fait pour vous. Avec une belle palette de couleurs neutres et notre motif classique de mouton, cette couverture est parfaite pour faire entrer l&#8217;ext\u00e9rieur \u00e0 l&#8217;int\u00e9rieur. Fabriqu\u00e9e \u00e0 100 % en pure laine, cette couverture aux capacit\u00e9s isolantes naturelles est la couche douillette id\u00e9ale tout au long de l&#8217;ann\u00e9e. Enti\u00e8rement r\u00e9versible, elle pr\u00e9sente une \u00e9l\u00e9gante palette de couleurs qui est invers\u00e9e au verso, ce qui vous permet de disposer de deux couvertures en une. Avec son bord frang\u00e9 et son design unique, cette pi\u00e8ce ajoutera un caract\u00e8re unique et une touche de s\u00e9r\u00e9nit\u00e9 \u00e0 votre int\u00e9rieur. Bourgogne et blanc cass\u00e9 | 130 x 190 cm (51 x 75 in) | 100% pure laine vierge | Lavable en machine | Enti\u00e8rement r\u00e9versible D\u00e9tails &#8211; Fabriqu\u00e9 en Lituanie &#8211; Poids : 0,9 kg (1,98 lb) &#8211; Dimensions : 482,6 x 330,2 x 2,5 cm (190 x 130 x 1 in)<\/p>\n","protected":false},"featured_media":6640,"template":"","meta":{"_seopress_robots_primary_cat":"","_seopress_titles_title":"","_seopress_titles_desc":"","_seopress_robots_index":"","_gspb_post_css":"","inline_featured_image":false},"product_brand":[],"product_cat":[230],"product_tag":[213],"berocket_brand":[286],"class_list":{"0":"post-6719","1":"product","2":"type-product","3":"status-publish","4":"has-post-thumbnail","6":"product_cat-coussins-et-couvertures","7":"product_tag-laine","8":"berocket_brand-jj-textile-fr","10":"first","11":"outofstock","12":"taxable","13":"shipping-taxable","14":"purchasable","15":"product-type-simple"},"_links":{"self":[{"href":"https:\/\/the-popinjay.com\/fr\/wp-json\/wp\/v2\/product\/6719","targetHints":{"allow":["GET"]}}],"collection":[{"href":"https:\/\/the-popinjay.com\/fr\/wp-json\/wp\/v2\/product"}],"about":[{"href":"https:\/\/the-popinjay.com\/fr\/wp-json\/wp\/v2\/types\/product"}],"wp:featuredmedia":[{"embeddable":true,"href":"https:\/\/the-popinjay.com\/fr\/wp-json\/wp\/v2\/media\/6640"}],"wp:attachment":[{"href":"https:\/\/the-popinjay.com\/fr\/wp-json\/wp\/v2\/media?parent=6719"}],"wp:term":[{"taxonomy":"product_brand","embeddable":true,"href":"https:\/\/the-popinjay.com\/fr\/wp-json\/wp\/v2\/product_brand?post=6719"},{"taxonomy":"product_cat","embeddable":true,"href":"https:\/\/the-popinjay.com\/fr\/wp-json\/wp\/v2\/product_cat?post=6719"},{"taxonomy":"product_tag","embeddable":true,"href":"https:\/\/the-popinjay.com\/fr\/wp-json\/wp\/v2\/product_tag?post=6719"},{"taxonomy":"berocket_brand","embeddable":true,"href":"https:\/\/the-popinjay.com\/fr\/wp-json\/wp\/v2\/berocket_brand?post=6719"}],"curies":[{"name":"wp","href":"https:\/\/api.w.org\/{rel}","templated":true}]}}