{"id":6720,"date":"2024-10-06T15:21:19","date_gmt":"2024-10-06T13:21:19","guid":{"rendered":"https:\/\/the-popinjay.com\/product\/coussin-en-laine-de-poulet\/"},"modified":"2024-10-06T19:00:06","modified_gmt":"2024-10-06T17:00:06","slug":"coussin-en-laine-de-poulet","status":"publish","type":"product","link":"https:\/\/the-popinjay.com\/fr\/produit\/coussin-en-laine-de-poulet\/","title":{"rendered":"Coussin en laine de poulet"},"content":{"rendered":"<p>Faites la loi avec l&#8217;une de nos magnifiques housses de coussin en terre cuite pour poulets.<br \/>\nLeurs couleurs chaudes rappellent les premiers rayons du soleil, les tons invers\u00e9s offrant une alternative beaucoup plus claire au verso.<\/p>\n<p>Avec son design unique en pure laine, cette housse de coussin est le moyen id\u00e9al d&#8217;ajouter une touche finale chaleureuse et douillette \u00e0 n&#8217;importe quelle pi\u00e8ce.<br \/>\nCon\u00e7ue pour compl\u00e9ter parfaitement notre gamme de couvertures et de plaids, chaque housse pr\u00e9sente un motif diff\u00e9rent au recto et au verso, de sorte qu&#8217;elles s&#8217;associent parfaitement par paires.<br \/>\nUne fermeture \u00e9clair dissimul\u00e9e ajoute un dernier d\u00e9tail bien pens\u00e9.<\/p>\n<p>Terracotta et Off-White | 45 x 45 cm (18 x 18&#8243;) | 100% pure laine vierge | Lavable en machine | Enti\u00e8rement r\u00e9versible | Fermeture \u00e0 glissi\u00e8re<\/p>\n<p>D\u00e9tails<\/p>\n<p>&#8211; Poids : 199,58 g (7,04 oz)<br \/>\n&#8211; Dimensions : 114,3 x 114,3 x 2,5 cm (45 x 45 x 1 in)<\/p>\n","protected":false},"excerpt":{"rendered":"<p>Faites la loi avec l&#8217;une de nos magnifiques housses de coussin en terre cuite pour poulets. Leurs couleurs chaudes rappellent les premiers rayons du soleil, les tons invers\u00e9s offrant une alternative beaucoup plus claire au verso. Avec son design unique en pure laine, cette housse de coussin est le moyen id\u00e9al d&#8217;ajouter une touche finale chaleureuse et douillette \u00e0 n&#8217;importe quelle pi\u00e8ce. Con\u00e7ue pour compl\u00e9ter parfaitement notre gamme de couvertures et de plaids, chaque housse pr\u00e9sente un motif diff\u00e9rent au recto et au verso, de sorte qu&#8217;elles s&#8217;associent parfaitement par paires. Une fermeture \u00e9clair dissimul\u00e9e ajoute un dernier d\u00e9tail bien pens\u00e9. Terracotta et Off-White | 45 x 45 cm (18 x 18&#8243;) | 100% pure laine vierge | Lavable en machine | Enti\u00e8rement r\u00e9versible | Fermeture \u00e0 glissi\u00e8re D\u00e9tails &#8211; Poids : 199,58 g (7,04 oz) &#8211; Dimensions : 114,3 x 114,3 x 2,5 cm (45 x 45 x 1 in)<\/p>\n","protected":false},"featured_media":6630,"template":"","meta":{"_seopress_robots_primary_cat":"none","_seopress_titles_title":"","_seopress_titles_desc":"","_seopress_robots_index":"","_gspb_post_css":"","inline_featured_image":false},"product_brand":[],"product_cat":[230],"product_tag":[213],"berocket_brand":[286],"class_list":{"0":"post-6720","1":"product","2":"type-product","3":"status-publish","4":"has-post-thumbnail","6":"product_cat-coussins-et-couvertures","7":"product_tag-laine","8":"berocket_brand-jj-textile-fr","10":"first","11":"outofstock","12":"taxable","13":"shipping-taxable","14":"purchasable","15":"product-type-simple"},"_links":{"self":[{"href":"https:\/\/the-popinjay.com\/fr\/wp-json\/wp\/v2\/product\/6720","targetHints":{"allow":["GET"]}}],"collection":[{"href":"https:\/\/the-popinjay.com\/fr\/wp-json\/wp\/v2\/product"}],"about":[{"href":"https:\/\/the-popinjay.com\/fr\/wp-json\/wp\/v2\/types\/product"}],"wp:featuredmedia":[{"embeddable":true,"href":"https:\/\/the-popinjay.com\/fr\/wp-json\/wp\/v2\/media\/6630"}],"wp:attachment":[{"href":"https:\/\/the-popinjay.com\/fr\/wp-json\/wp\/v2\/media?parent=6720"}],"wp:term":[{"taxonomy":"product_brand","embeddable":true,"href":"https:\/\/the-popinjay.com\/fr\/wp-json\/wp\/v2\/product_brand?post=6720"},{"taxonomy":"product_cat","embeddable":true,"href":"https:\/\/the-popinjay.com\/fr\/wp-json\/wp\/v2\/product_cat?post=6720"},{"taxonomy":"product_tag","embeddable":true,"href":"https:\/\/the-popinjay.com\/fr\/wp-json\/wp\/v2\/product_tag?post=6720"},{"taxonomy":"berocket_brand","embeddable":true,"href":"https:\/\/the-popinjay.com\/fr\/wp-json\/wp\/v2\/berocket_brand?post=6720"}],"curies":[{"name":"wp","href":"https:\/\/api.w.org\/{rel}","templated":true}]}}