{"id":8994,"date":"2025-06-29T18:28:34","date_gmt":"2025-06-29T16:28:34","guid":{"rendered":"https:\/\/the-popinjay.com\/product\/kew-gardens-geranium-basil-hand-cream-2\/"},"modified":"2025-06-29T19:24:54","modified_gmt":"2025-06-29T17:24:54","slug":"kew-gardens-geranium-basil-hand-cream-2","status":"publish","type":"product","link":"https:\/\/the-popinjay.com\/fr\/produit\/kew-gardens-geranium-basil-hand-cream-2\/","title":{"rendered":"Cr\u00e8me pour les mains au g\u00e9ranium et au basilic de Kew Gardens"},"content":{"rendered":"<p>La cr\u00e8me pour les mains au g\u00e9ranium et au basilic de Kew Gardens est une cr\u00e8me somptueuse contenant des ingr\u00e9dients pour garder votre peau douce et choy\u00e9e. D\u00e9cor\u00e9e avec de magnifiques illustrations provenant des archives historiques de Kew, cette cr\u00e8me pour les mains est le cadeau id\u00e9al pour les amoureux des plantes ou pour vous faire plaisir.<\/p>\n<p>La cr\u00e8me pour les mains au g\u00e9ranium et au basilic de Kew Gardens poss\u00e8de des notes de t\u00eate de citron, de menthe, de bergamote et de g\u00e9ranium. Donne une touche douce et fra\u00eeche de feuilles vertes, de rose et de basilic.<\/p>\n","protected":false},"excerpt":{"rendered":"<p>La cr\u00e8me pour les mains au g\u00e9ranium et au basilic de Kew Gardens est une cr\u00e8me somptueuse contenant des ingr\u00e9dients pour garder votre peau douce et choy\u00e9e. D\u00e9cor\u00e9e avec de magnifiques illustrations provenant des archives historiques de Kew, cette cr\u00e8me pour les mains est le cadeau id\u00e9al pour les amoureux des plantes ou pour vous faire plaisir. La cr\u00e8me pour les mains au g\u00e9ranium et au basilic de Kew Gardens poss\u00e8de des notes de t\u00eate de citron, de menthe, de bergamote et de g\u00e9ranium. Donne une touche douce et fra\u00eeche de feuilles vertes, de rose et de basilic.<\/p>\n","protected":false},"featured_media":8990,"template":"","meta":{"_seopress_robots_primary_cat":"none","_seopress_titles_title":"","_seopress_titles_desc":"","_seopress_robots_index":"","_gspb_post_css":"","inline_featured_image":false},"product_brand":[],"product_cat":[298],"product_tag":[],"berocket_brand":[309],"class_list":{"0":"post-8994","1":"product","2":"type-product","3":"status-publish","4":"has-post-thumbnail","6":"product_cat-cosmetiques","7":"berocket_brand-the-english-soap-company-fr","9":"first","10":"instock","11":"taxable","12":"shipping-taxable","13":"purchasable","14":"product-type-simple"},"_links":{"self":[{"href":"https:\/\/the-popinjay.com\/fr\/wp-json\/wp\/v2\/product\/8994","targetHints":{"allow":["GET"]}}],"collection":[{"href":"https:\/\/the-popinjay.com\/fr\/wp-json\/wp\/v2\/product"}],"about":[{"href":"https:\/\/the-popinjay.com\/fr\/wp-json\/wp\/v2\/types\/product"}],"wp:featuredmedia":[{"embeddable":true,"href":"https:\/\/the-popinjay.com\/fr\/wp-json\/wp\/v2\/media\/8990"}],"wp:attachment":[{"href":"https:\/\/the-popinjay.com\/fr\/wp-json\/wp\/v2\/media?parent=8994"}],"wp:term":[{"taxonomy":"product_brand","embeddable":true,"href":"https:\/\/the-popinjay.com\/fr\/wp-json\/wp\/v2\/product_brand?post=8994"},{"taxonomy":"product_cat","embeddable":true,"href":"https:\/\/the-popinjay.com\/fr\/wp-json\/wp\/v2\/product_cat?post=8994"},{"taxonomy":"product_tag","embeddable":true,"href":"https:\/\/the-popinjay.com\/fr\/wp-json\/wp\/v2\/product_tag?post=8994"},{"taxonomy":"berocket_brand","embeddable":true,"href":"https:\/\/the-popinjay.com\/fr\/wp-json\/wp\/v2\/berocket_brand?post=8994"}],"curies":[{"name":"wp","href":"https:\/\/api.w.org\/{rel}","templated":true}]}}