{"id":9141,"date":"2025-06-29T19:28:49","date_gmt":"2025-06-29T17:28:49","guid":{"rendered":"https:\/\/the-popinjay.com\/product\/kew-gardens-bluebell-and-jasmine-hand-cream-2\/"},"modified":"2025-06-29T19:31:33","modified_gmt":"2025-06-29T17:31:33","slug":"kew-gardens-bluebell-and-jasmine-hand-cream-2","status":"publish","type":"product","link":"https:\/\/the-popinjay.com\/fr\/produit\/kew-gardens-bluebell-and-jasmine-hand-cream-2\/","title":{"rendered":"Cr\u00e8me Pour Les Mains Aux Jacinthes Et Au Jasmin De Kew Gardens"},"content":{"rendered":"<p>Cr\u00e8me pour les mains Bluebell et Jasmin de Kew Gardens, une cr\u00e8me somptueuse avec des ingr\u00e9dients pour garder votre peau douce et choy\u00e9e. D\u00e9cor\u00e9e de belles illustrations des archives historiques de Kew, cette cr\u00e8me pour les mains est le produit parfait pour les amoureux des plantes.<\/p>\n<p>Cette cr\u00e8me pour les mains Bluebell et Jasmin de Kew Gardens a un parfum frais de prairie avec des notes de jacinthe des bois, de fleurs de jasmin et d&#8217;herbe verte. La jacinthe, la pivoine, le jasmin et le romarin compl\u00e8tent une base douce de mousse et de vanille pour cr\u00e9er ce parfum d\u00e9licat.<\/p>\n","protected":false},"excerpt":{"rendered":"<p>Cr\u00e8me pour les mains Bluebell et Jasmin de Kew Gardens, une cr\u00e8me somptueuse avec des ingr\u00e9dients pour garder votre peau douce et choy\u00e9e. D\u00e9cor\u00e9e de belles illustrations des archives historiques de Kew, cette cr\u00e8me pour les mains est le produit parfait pour les amoureux des plantes. Cette cr\u00e8me pour les mains Bluebell et Jasmin de Kew Gardens a un parfum frais de prairie avec des notes de jacinthe des bois, de fleurs de jasmin et d&#8217;herbe verte. La jacinthe, la pivoine, le jasmin et le romarin compl\u00e8tent une base douce de mousse et de vanille pour cr\u00e9er ce parfum d\u00e9licat.<\/p>\n","protected":false},"featured_media":9069,"template":"","meta":{"_seopress_robots_primary_cat":"","_seopress_titles_title":"","_seopress_titles_desc":"","_seopress_robots_index":"","_gspb_post_css":"","inline_featured_image":false},"product_brand":[],"product_cat":[298],"product_tag":[],"berocket_brand":[309],"class_list":{"0":"post-9141","1":"product","2":"type-product","3":"status-publish","4":"has-post-thumbnail","6":"product_cat-cosmetiques","7":"berocket_brand-the-english-soap-company-fr","9":"first","10":"instock","11":"taxable","12":"shipping-taxable","13":"purchasable","14":"product-type-simple"},"_links":{"self":[{"href":"https:\/\/the-popinjay.com\/fr\/wp-json\/wp\/v2\/product\/9141","targetHints":{"allow":["GET"]}}],"collection":[{"href":"https:\/\/the-popinjay.com\/fr\/wp-json\/wp\/v2\/product"}],"about":[{"href":"https:\/\/the-popinjay.com\/fr\/wp-json\/wp\/v2\/types\/product"}],"wp:featuredmedia":[{"embeddable":true,"href":"https:\/\/the-popinjay.com\/fr\/wp-json\/wp\/v2\/media\/9069"}],"wp:attachment":[{"href":"https:\/\/the-popinjay.com\/fr\/wp-json\/wp\/v2\/media?parent=9141"}],"wp:term":[{"taxonomy":"product_brand","embeddable":true,"href":"https:\/\/the-popinjay.com\/fr\/wp-json\/wp\/v2\/product_brand?post=9141"},{"taxonomy":"product_cat","embeddable":true,"href":"https:\/\/the-popinjay.com\/fr\/wp-json\/wp\/v2\/product_cat?post=9141"},{"taxonomy":"product_tag","embeddable":true,"href":"https:\/\/the-popinjay.com\/fr\/wp-json\/wp\/v2\/product_tag?post=9141"},{"taxonomy":"berocket_brand","embeddable":true,"href":"https:\/\/the-popinjay.com\/fr\/wp-json\/wp\/v2\/berocket_brand?post=9141"}],"curies":[{"name":"wp","href":"https:\/\/api.w.org\/{rel}","templated":true}]}}