{"id":9142,"date":"2025-06-29T19:28:59","date_gmt":"2025-06-29T17:28:59","guid":{"rendered":"https:\/\/the-popinjay.com\/product\/kew-gardens-bluebell-and-jasmine-soap-2\/"},"modified":"2025-06-29T19:31:37","modified_gmt":"2025-06-29T17:31:37","slug":"kew-gardens-bluebell-and-jasmine-soap-2","status":"publish","type":"product","link":"https:\/\/the-popinjay.com\/fr\/produit\/kew-gardens-bluebell-and-jasmine-soap-2\/","title":{"rendered":"Savon aux jacinthes et au jasmin de Kew Gardens"},"content":{"rendered":"<p>Le savon Kew Gardens Bluebell and Jasmine est l&#8217;un des savons exclusifs de la collection Kew Gardens. Une barre de 240 g au format g\u00e9n\u00e9reux, durable et enrichie en beurre de karit\u00e9 hydratant et en glyc\u00e9rine v\u00e9g\u00e9tale pour nourrir et prendre soin de la peau. Les emballages en papier sont imprim\u00e9s avec de belles illustrations inspir\u00e9es des plantes, issues des archives historiques de Kew Garden.<\/p>\n<p>Le savon Kew Gardens aux jacinthes et au jasmin contient un parfum frais de prairie avec des notes de jacinthe des bois, de fleurs de jasmin et d&#8217;herbe verte. La jacinthe, la pivoine, le jasmin et le romarin compl\u00e8tent une base douce de mousse et de vanille pour cr\u00e9er ce parfum d\u00e9licat.<\/p>\n<p>Kew Gardens &#8211; Savons de luxe au beurre de karit\u00e9 240g<\/p>\n","protected":false},"excerpt":{"rendered":"<p>Le savon Kew Gardens Bluebell and Jasmine est l&#8217;un des savons exclusifs de la collection Kew Gardens. Une barre de 240 g au format g\u00e9n\u00e9reux, durable et enrichie en beurre de karit\u00e9 hydratant et en glyc\u00e9rine v\u00e9g\u00e9tale pour nourrir et prendre soin de la peau. Les emballages en papier sont imprim\u00e9s avec de belles illustrations inspir\u00e9es des plantes, issues des archives historiques de Kew Garden. Le savon Kew Gardens aux jacinthes et au jasmin contient un parfum frais de prairie avec des notes de jacinthe des bois, de fleurs de jasmin et d&#8217;herbe verte. La jacinthe, la pivoine, le jasmin et le romarin compl\u00e8tent une base douce de mousse et de vanille pour cr\u00e9er ce parfum d\u00e9licat. Kew Gardens &#8211; Savons de luxe au beurre de karit\u00e9 240g<\/p>\n","protected":false},"featured_media":9076,"template":"","meta":{"_seopress_robots_primary_cat":"","_seopress_titles_title":"","_seopress_titles_desc":"","_seopress_robots_index":"","_gspb_post_css":"","inline_featured_image":false},"product_brand":[],"product_cat":[298],"product_tag":[],"berocket_brand":[309],"class_list":{"0":"post-9142","1":"product","2":"type-product","3":"status-publish","4":"has-post-thumbnail","6":"product_cat-cosmetiques","7":"berocket_brand-the-english-soap-company-fr","9":"first","10":"instock","11":"taxable","12":"shipping-taxable","13":"purchasable","14":"product-type-simple"},"_links":{"self":[{"href":"https:\/\/the-popinjay.com\/fr\/wp-json\/wp\/v2\/product\/9142","targetHints":{"allow":["GET"]}}],"collection":[{"href":"https:\/\/the-popinjay.com\/fr\/wp-json\/wp\/v2\/product"}],"about":[{"href":"https:\/\/the-popinjay.com\/fr\/wp-json\/wp\/v2\/types\/product"}],"wp:featuredmedia":[{"embeddable":true,"href":"https:\/\/the-popinjay.com\/fr\/wp-json\/wp\/v2\/media\/9076"}],"wp:attachment":[{"href":"https:\/\/the-popinjay.com\/fr\/wp-json\/wp\/v2\/media?parent=9142"}],"wp:term":[{"taxonomy":"product_brand","embeddable":true,"href":"https:\/\/the-popinjay.com\/fr\/wp-json\/wp\/v2\/product_brand?post=9142"},{"taxonomy":"product_cat","embeddable":true,"href":"https:\/\/the-popinjay.com\/fr\/wp-json\/wp\/v2\/product_cat?post=9142"},{"taxonomy":"product_tag","embeddable":true,"href":"https:\/\/the-popinjay.com\/fr\/wp-json\/wp\/v2\/product_tag?post=9142"},{"taxonomy":"berocket_brand","embeddable":true,"href":"https:\/\/the-popinjay.com\/fr\/wp-json\/wp\/v2\/berocket_brand?post=9142"}],"curies":[{"name":"wp","href":"https:\/\/api.w.org\/{rel}","templated":true}]}}