{"id":9143,"date":"2025-06-29T19:29:14","date_gmt":"2025-06-29T17:29:14","guid":{"rendered":"https:\/\/the-popinjay.com\/product\/anniversary-sicilian-lemon-and-sweet-orange-hand-cream-2\/"},"modified":"2025-06-29T19:31:41","modified_gmt":"2025-06-29T17:31:41","slug":"anniversary-sicilian-lemon-and-sweet-orange-hand-cream-2","status":"publish","type":"product","link":"https:\/\/the-popinjay.com\/fr\/produit\/anniversary-sicilian-lemon-and-sweet-orange-hand-cream-2\/","title":{"rendered":"Cr\u00e8me Pour Les Mains Au Citron Et \u00c0 L&#8217;orange Douce De Sicile Anniversary"},"content":{"rendered":"<p>Donnez aux mains l&#8217;attention qu&#8217;elles m\u00e9ritent avec cette Cr\u00e8me pour les Mains Anniversaire Citron Sicilien et Orange Douce, remplie d&#8217;ingr\u00e9dients pour garder la peau douce et prot\u00e9g\u00e9e. Avec un emballage color\u00e9 inspir\u00e9 par la nature et la faune qui entourent la ferme o\u00f9 nous fabriquons nos produits.<\/p>\n<p>Cette somptueuse Cr\u00e8me pour les Mains Anniversaire Citron Sicilien et Orange Douce a un parfum zest\u00e9 avec une couche sup\u00e9rieure de citronnelle, citron sicilien et orange douce, avec un c\u0153ur de p\u00e9tales de rose et de violette. La base est compos\u00e9e de bois blonds, de muscs et d&#8217;ambre sec. Enrichie en beurre de karit\u00e9 hydratant et en aloe vera hydratant.<\/p>\n","protected":false},"excerpt":{"rendered":"<p>Donnez aux mains l&#8217;attention qu&#8217;elles m\u00e9ritent avec cette Cr\u00e8me pour les Mains Anniversaire Citron Sicilien et Orange Douce, remplie d&#8217;ingr\u00e9dients pour garder la peau douce et prot\u00e9g\u00e9e. Avec un emballage color\u00e9 inspir\u00e9 par la nature et la faune qui entourent la ferme o\u00f9 nous fabriquons nos produits. Cette somptueuse Cr\u00e8me pour les Mains Anniversaire Citron Sicilien et Orange Douce a un parfum zest\u00e9 avec une couche sup\u00e9rieure de citronnelle, citron sicilien et orange douce, avec un c\u0153ur de p\u00e9tales de rose et de violette. La base est compos\u00e9e de bois blonds, de muscs et d&#8217;ambre sec. Enrichie en beurre de karit\u00e9 hydratant et en aloe vera hydratant.<\/p>\n","protected":false},"featured_media":9081,"template":"","meta":{"_seopress_robots_primary_cat":"","_seopress_titles_title":"","_seopress_titles_desc":"","_seopress_robots_index":"","_gspb_post_css":"","inline_featured_image":false},"product_brand":[],"product_cat":[298],"product_tag":[],"berocket_brand":[309],"class_list":{"0":"post-9143","1":"product","2":"type-product","3":"status-publish","4":"has-post-thumbnail","6":"product_cat-cosmetiques","7":"berocket_brand-the-english-soap-company-fr","9":"first","10":"instock","11":"taxable","12":"shipping-taxable","13":"purchasable","14":"product-type-simple"},"_links":{"self":[{"href":"https:\/\/the-popinjay.com\/fr\/wp-json\/wp\/v2\/product\/9143","targetHints":{"allow":["GET"]}}],"collection":[{"href":"https:\/\/the-popinjay.com\/fr\/wp-json\/wp\/v2\/product"}],"about":[{"href":"https:\/\/the-popinjay.com\/fr\/wp-json\/wp\/v2\/types\/product"}],"wp:featuredmedia":[{"embeddable":true,"href":"https:\/\/the-popinjay.com\/fr\/wp-json\/wp\/v2\/media\/9081"}],"wp:attachment":[{"href":"https:\/\/the-popinjay.com\/fr\/wp-json\/wp\/v2\/media?parent=9143"}],"wp:term":[{"taxonomy":"product_brand","embeddable":true,"href":"https:\/\/the-popinjay.com\/fr\/wp-json\/wp\/v2\/product_brand?post=9143"},{"taxonomy":"product_cat","embeddable":true,"href":"https:\/\/the-popinjay.com\/fr\/wp-json\/wp\/v2\/product_cat?post=9143"},{"taxonomy":"product_tag","embeddable":true,"href":"https:\/\/the-popinjay.com\/fr\/wp-json\/wp\/v2\/product_tag?post=9143"},{"taxonomy":"berocket_brand","embeddable":true,"href":"https:\/\/the-popinjay.com\/fr\/wp-json\/wp\/v2\/berocket_brand?post=9143"}],"curies":[{"name":"wp","href":"https:\/\/api.w.org\/{rel}","templated":true}]}}