{"id":9145,"date":"2025-06-29T19:29:36","date_gmt":"2025-06-29T17:29:36","guid":{"rendered":"https:\/\/the-popinjay.com\/product\/anniversary-rose-and-peony-hand-cream-2\/"},"modified":"2025-06-29T19:31:49","modified_gmt":"2025-06-29T17:31:49","slug":"anniversary-rose-and-peony-hand-cream-2","status":"publish","type":"product","link":"https:\/\/the-popinjay.com\/fr\/produit\/anniversary-rose-and-peony-hand-cream-2\/","title":{"rendered":"Cr\u00e8me Pour Les Mains \u00c0 La Rose Et \u00c0 La Pivoine Anniversary"},"content":{"rendered":"<p>Donnez aux mains l&#8217;attention qu&#8217;elles m\u00e9ritent avec cette Cr\u00e8me pour les Mains Rose et Pivoine Anniversaire, remplie d&#8217;ingr\u00e9dients pour garder la peau douce et prot\u00e9g\u00e9e. Avec un emballage color\u00e9 inspir\u00e9 par la nature et la faune qui entourent la ferme o\u00f9 nous fabriquons nos produits.<\/p>\n<p>Cette somptueuse Cr\u00e8me pour les Mains Rose et Pivoine Anniversaire a des notes de t\u00eate de belles roses et d&#8217;herbe fra\u00eechement coup\u00e9e. Un c\u0153ur floral de p\u00e9tales, de pivoine et de violette, sur une base de bois de ga\u00efac, de framboise et de miel qui ajoute richesse et douceur au parfum. Enrichie en beurre de karit\u00e9 hydratant et en aloe vera hydratant.<\/p>\n","protected":false},"excerpt":{"rendered":"<p>Donnez aux mains l&#8217;attention qu&#8217;elles m\u00e9ritent avec cette Cr\u00e8me pour les Mains Rose et Pivoine Anniversaire, remplie d&#8217;ingr\u00e9dients pour garder la peau douce et prot\u00e9g\u00e9e. Avec un emballage color\u00e9 inspir\u00e9 par la nature et la faune qui entourent la ferme o\u00f9 nous fabriquons nos produits. Cette somptueuse Cr\u00e8me pour les Mains Rose et Pivoine Anniversaire a des notes de t\u00eate de belles roses et d&#8217;herbe fra\u00eechement coup\u00e9e. Un c\u0153ur floral de p\u00e9tales, de pivoine et de violette, sur une base de bois de ga\u00efac, de framboise et de miel qui ajoute richesse et douceur au parfum. Enrichie en beurre de karit\u00e9 hydratant et en aloe vera hydratant.<\/p>\n","protected":false},"featured_media":9093,"template":"","meta":{"_seopress_robots_primary_cat":"","_seopress_titles_title":"","_seopress_titles_desc":"","_seopress_robots_index":"","_gspb_post_css":"","inline_featured_image":false},"product_brand":[],"product_cat":[298],"product_tag":[],"berocket_brand":[309],"class_list":{"0":"post-9145","1":"product","2":"type-product","3":"status-publish","4":"has-post-thumbnail","6":"product_cat-cosmetiques","7":"berocket_brand-the-english-soap-company-fr","9":"first","10":"instock","11":"taxable","12":"shipping-taxable","13":"purchasable","14":"product-type-simple"},"_links":{"self":[{"href":"https:\/\/the-popinjay.com\/fr\/wp-json\/wp\/v2\/product\/9145","targetHints":{"allow":["GET"]}}],"collection":[{"href":"https:\/\/the-popinjay.com\/fr\/wp-json\/wp\/v2\/product"}],"about":[{"href":"https:\/\/the-popinjay.com\/fr\/wp-json\/wp\/v2\/types\/product"}],"wp:featuredmedia":[{"embeddable":true,"href":"https:\/\/the-popinjay.com\/fr\/wp-json\/wp\/v2\/media\/9093"}],"wp:attachment":[{"href":"https:\/\/the-popinjay.com\/fr\/wp-json\/wp\/v2\/media?parent=9145"}],"wp:term":[{"taxonomy":"product_brand","embeddable":true,"href":"https:\/\/the-popinjay.com\/fr\/wp-json\/wp\/v2\/product_brand?post=9145"},{"taxonomy":"product_cat","embeddable":true,"href":"https:\/\/the-popinjay.com\/fr\/wp-json\/wp\/v2\/product_cat?post=9145"},{"taxonomy":"product_tag","embeddable":true,"href":"https:\/\/the-popinjay.com\/fr\/wp-json\/wp\/v2\/product_tag?post=9145"},{"taxonomy":"berocket_brand","embeddable":true,"href":"https:\/\/the-popinjay.com\/fr\/wp-json\/wp\/v2\/berocket_brand?post=9145"}],"curies":[{"name":"wp","href":"https:\/\/api.w.org\/{rel}","templated":true}]}}