{"id":9146,"date":"2025-06-29T19:29:49","date_gmt":"2025-06-29T17:29:49","guid":{"rendered":"https:\/\/the-popinjay.com\/product\/anniversary-gardeners-grapefruit-hand-cream-2\/"},"modified":"2025-06-29T19:31:52","modified_gmt":"2025-06-29T17:31:52","slug":"anniversary-gardeners-grapefruit-hand-cream-2","status":"publish","type":"product","link":"https:\/\/the-popinjay.com\/fr\/produit\/anniversary-gardeners-grapefruit-hand-cream-2\/","title":{"rendered":"Cr\u00e8me Pour Les Mains Au Pamplemousse Anniversary Gardeners"},"content":{"rendered":"<p>Accordez aux mains l&#8217;attention qu&#8217;elles m\u00e9ritent avec cette Cr\u00e8me pour les Mains Pamplemousse des Jardiniers Anniversaire, remplie d&#8217;ingr\u00e9dients pour garder la peau douce et prot\u00e9g\u00e9e.<\/p>\n<p>Cette somptueuse Cr\u00e8me pour les Mains Pamplemousse des Jardiniers Anniversaire a un parfum frais et vif. Avec des notes de t\u00eate de pamplemousse percutant, des notes de c\u0153ur de lys et de citron, et des notes de fond de magnolia et de rose. Enrichie en beurre de karit\u00e9 hydratant et en aloe vera hydratant.<\/p>\n","protected":false},"excerpt":{"rendered":"<p>Accordez aux mains l&#8217;attention qu&#8217;elles m\u00e9ritent avec cette Cr\u00e8me pour les Mains Pamplemousse des Jardiniers Anniversaire, remplie d&#8217;ingr\u00e9dients pour garder la peau douce et prot\u00e9g\u00e9e. Cette somptueuse Cr\u00e8me pour les Mains Pamplemousse des Jardiniers Anniversaire a un parfum frais et vif. Avec des notes de t\u00eate de pamplemousse percutant, des notes de c\u0153ur de lys et de citron, et des notes de fond de magnolia et de rose. Enrichie en beurre de karit\u00e9 hydratant et en aloe vera hydratant.<\/p>\n","protected":false},"featured_media":9100,"template":"","meta":{"_seopress_robots_primary_cat":"","_seopress_titles_title":"","_seopress_titles_desc":"","_seopress_robots_index":"","_gspb_post_css":"","inline_featured_image":false},"product_brand":[],"product_cat":[298],"product_tag":[],"berocket_brand":[309],"class_list":{"0":"post-9146","1":"product","2":"type-product","3":"status-publish","4":"has-post-thumbnail","6":"product_cat-cosmetiques","7":"berocket_brand-the-english-soap-company-fr","9":"first","10":"instock","11":"taxable","12":"shipping-taxable","13":"purchasable","14":"product-type-simple"},"_links":{"self":[{"href":"https:\/\/the-popinjay.com\/fr\/wp-json\/wp\/v2\/product\/9146","targetHints":{"allow":["GET"]}}],"collection":[{"href":"https:\/\/the-popinjay.com\/fr\/wp-json\/wp\/v2\/product"}],"about":[{"href":"https:\/\/the-popinjay.com\/fr\/wp-json\/wp\/v2\/types\/product"}],"wp:featuredmedia":[{"embeddable":true,"href":"https:\/\/the-popinjay.com\/fr\/wp-json\/wp\/v2\/media\/9100"}],"wp:attachment":[{"href":"https:\/\/the-popinjay.com\/fr\/wp-json\/wp\/v2\/media?parent=9146"}],"wp:term":[{"taxonomy":"product_brand","embeddable":true,"href":"https:\/\/the-popinjay.com\/fr\/wp-json\/wp\/v2\/product_brand?post=9146"},{"taxonomy":"product_cat","embeddable":true,"href":"https:\/\/the-popinjay.com\/fr\/wp-json\/wp\/v2\/product_cat?post=9146"},{"taxonomy":"product_tag","embeddable":true,"href":"https:\/\/the-popinjay.com\/fr\/wp-json\/wp\/v2\/product_tag?post=9146"},{"taxonomy":"berocket_brand","embeddable":true,"href":"https:\/\/the-popinjay.com\/fr\/wp-json\/wp\/v2\/berocket_brand?post=9146"}],"curies":[{"name":"wp","href":"https:\/\/api.w.org\/{rel}","templated":true}]}}