{"id":9151,"date":"2025-06-29T19:30:37","date_gmt":"2025-06-29T17:30:37","guid":{"rendered":"https:\/\/the-popinjay.com\/product\/anniversary-ocean-seaweed-hand-cream-2\/"},"modified":"2025-06-29T19:32:16","modified_gmt":"2025-06-29T17:32:16","slug":"anniversary-ocean-seaweed-hand-cream-2","status":"publish","type":"product","link":"https:\/\/the-popinjay.com\/fr\/produit\/anniversary-ocean-seaweed-hand-cream-2\/","title":{"rendered":"Cr\u00e8me pour les Mains Anniversaire aux Algues Marines"},"content":{"rendered":"<p>Donnez \u00e0 vos mains l&#8217;attention qu&#8217;elles m\u00e9ritent avec notre Cr\u00e8me pour les Mains Anniversaire aux Algues Marines. Remplie d&#8217;ingr\u00e9dients pour garder la peau douce et prot\u00e9g\u00e9e, cette cr\u00e8me est pr\u00e9sent\u00e9e dans un emballage recyclable et d\u00e9cor\u00e9e d&#8217;illustrations vibrantes inspir\u00e9es par la nature et la faune.<\/p>\n<p>Avec un parfum qui vous rappellera une brise fra\u00eeche de la mer du Nord. Des notes de t\u00eate marines m\u00e8nent \u00e0 des notes de c\u0153ur de muguet et de mousse. Le parfum se termine par une base de bois de santal, de c\u00e8dre et d&#8217;ambre.<\/p>\n","protected":false},"excerpt":{"rendered":"<p>Donnez \u00e0 vos mains l&#8217;attention qu&#8217;elles m\u00e9ritent avec notre Cr\u00e8me pour les Mains Anniversaire aux Algues Marines. Remplie d&#8217;ingr\u00e9dients pour garder la peau douce et prot\u00e9g\u00e9e, cette cr\u00e8me est pr\u00e9sent\u00e9e dans un emballage recyclable et d\u00e9cor\u00e9e d&#8217;illustrations vibrantes inspir\u00e9es par la nature et la faune. Avec un parfum qui vous rappellera une brise fra\u00eeche de la mer du Nord. Des notes de t\u00eate marines m\u00e8nent \u00e0 des notes de c\u0153ur de muguet et de mousse. Le parfum se termine par une base de bois de santal, de c\u00e8dre et d&#8217;ambre.<\/p>\n","protected":false},"featured_media":9125,"template":"","meta":{"_seopress_robots_primary_cat":"","_seopress_titles_title":"","_seopress_titles_desc":"","_seopress_robots_index":"","_gspb_post_css":"","inline_featured_image":false},"product_brand":[],"product_cat":[298],"product_tag":[],"berocket_brand":[309],"class_list":{"0":"post-9151","1":"product","2":"type-product","3":"status-publish","4":"has-post-thumbnail","6":"product_cat-cosmetiques","7":"berocket_brand-the-english-soap-company-fr","9":"first","10":"instock","11":"taxable","12":"shipping-taxable","13":"purchasable","14":"product-type-simple"},"_links":{"self":[{"href":"https:\/\/the-popinjay.com\/fr\/wp-json\/wp\/v2\/product\/9151","targetHints":{"allow":["GET"]}}],"collection":[{"href":"https:\/\/the-popinjay.com\/fr\/wp-json\/wp\/v2\/product"}],"about":[{"href":"https:\/\/the-popinjay.com\/fr\/wp-json\/wp\/v2\/types\/product"}],"wp:featuredmedia":[{"embeddable":true,"href":"https:\/\/the-popinjay.com\/fr\/wp-json\/wp\/v2\/media\/9125"}],"wp:attachment":[{"href":"https:\/\/the-popinjay.com\/fr\/wp-json\/wp\/v2\/media?parent=9151"}],"wp:term":[{"taxonomy":"product_brand","embeddable":true,"href":"https:\/\/the-popinjay.com\/fr\/wp-json\/wp\/v2\/product_brand?post=9151"},{"taxonomy":"product_cat","embeddable":true,"href":"https:\/\/the-popinjay.com\/fr\/wp-json\/wp\/v2\/product_cat?post=9151"},{"taxonomy":"product_tag","embeddable":true,"href":"https:\/\/the-popinjay.com\/fr\/wp-json\/wp\/v2\/product_tag?post=9151"},{"taxonomy":"berocket_brand","embeddable":true,"href":"https:\/\/the-popinjay.com\/fr\/wp-json\/wp\/v2\/berocket_brand?post=9151"}],"curies":[{"name":"wp","href":"https:\/\/api.w.org\/{rel}","templated":true}]}}