{"id":9152,"date":"2025-06-29T19:30:46","date_gmt":"2025-06-29T17:30:46","guid":{"rendered":"https:\/\/the-popinjay.com\/product\/anniversary-jasmine-and-wild-strawberry-soap-2\/"},"modified":"2025-06-29T19:32:19","modified_gmt":"2025-06-29T17:32:19","slug":"anniversary-jasmine-and-wild-strawberry-soap-2","status":"publish","type":"product","link":"https:\/\/the-popinjay.com\/fr\/produit\/anniversary-jasmine-and-wild-strawberry-soap-2\/","title":{"rendered":"Savon Anniversary au jasmin et \u00e0 la fraise sauvage"},"content":{"rendered":"<p>Une barre de savon de luxe magnifiquement parfum\u00e9e, adapt\u00e9e aux v\u00e9g\u00e9taliens, adapt\u00e9e \u00e0 un usage quotidien. Fabriqu\u00e9 \u00e0 partir d&#8217;huiles v\u00e9g\u00e9tales pures et enrichi en beurre de karit\u00e9 pour une mousse somptueuse qui nourrit la peau au toucher. Ce savon anniversaire au jasmin et \u00e0 la fraise sauvage est emball\u00e9 dans du papier enti\u00e8rement recyclable et d\u00e9cor\u00e9 d&#8217;illustrations peintes de couleurs vives inspir\u00e9es de la nature.<\/p>\n<p>Le savon Anniversary au jasmin et \u00e0 la fraise sauvage d\u00e9gage un parfum \u00e9clatant de jasmin fleuri. Notes de t\u00eate de fraise sauvage, de kiwi, de banane et d&#8217;ylang-ylang. Notes de c\u0153ur de jasmin Stephanotis et notes de fond de fleur d&#8217;oranger et de musc.<\/p>\n<p>Anniversary &#8211; Savon en barre 190g<\/p>\n","protected":false},"excerpt":{"rendered":"<p>Une barre de savon de luxe magnifiquement parfum\u00e9e, adapt\u00e9e aux v\u00e9g\u00e9taliens, adapt\u00e9e \u00e0 un usage quotidien. Fabriqu\u00e9 \u00e0 partir d&#8217;huiles v\u00e9g\u00e9tales pures et enrichi en beurre de karit\u00e9 pour une mousse somptueuse qui nourrit la peau au toucher. Ce savon anniversaire au jasmin et \u00e0 la fraise sauvage est emball\u00e9 dans du papier enti\u00e8rement recyclable et d\u00e9cor\u00e9 d&#8217;illustrations peintes de couleurs vives inspir\u00e9es de la nature. Le savon Anniversary au jasmin et \u00e0 la fraise sauvage d\u00e9gage un parfum \u00e9clatant de jasmin fleuri. Notes de t\u00eate de fraise sauvage, de kiwi, de banane et d&#8217;ylang-ylang. Notes de c\u0153ur de jasmin Stephanotis et notes de fond de fleur d&#8217;oranger et de musc. Anniversary &#8211; Savon en barre 190g<\/p>\n","protected":false},"featured_media":9132,"template":"","meta":{"_seopress_robots_primary_cat":"","_seopress_titles_title":"","_seopress_titles_desc":"","_seopress_robots_index":"","_gspb_post_css":"","inline_featured_image":false},"product_brand":[],"product_cat":[298],"product_tag":[],"berocket_brand":[309],"class_list":{"0":"post-9152","1":"product","2":"type-product","3":"status-publish","4":"has-post-thumbnail","6":"product_cat-cosmetiques","7":"berocket_brand-the-english-soap-company-fr","9":"first","10":"instock","11":"taxable","12":"shipping-taxable","13":"purchasable","14":"product-type-simple"},"_links":{"self":[{"href":"https:\/\/the-popinjay.com\/fr\/wp-json\/wp\/v2\/product\/9152","targetHints":{"allow":["GET"]}}],"collection":[{"href":"https:\/\/the-popinjay.com\/fr\/wp-json\/wp\/v2\/product"}],"about":[{"href":"https:\/\/the-popinjay.com\/fr\/wp-json\/wp\/v2\/types\/product"}],"wp:featuredmedia":[{"embeddable":true,"href":"https:\/\/the-popinjay.com\/fr\/wp-json\/wp\/v2\/media\/9132"}],"wp:attachment":[{"href":"https:\/\/the-popinjay.com\/fr\/wp-json\/wp\/v2\/media?parent=9152"}],"wp:term":[{"taxonomy":"product_brand","embeddable":true,"href":"https:\/\/the-popinjay.com\/fr\/wp-json\/wp\/v2\/product_brand?post=9152"},{"taxonomy":"product_cat","embeddable":true,"href":"https:\/\/the-popinjay.com\/fr\/wp-json\/wp\/v2\/product_cat?post=9152"},{"taxonomy":"product_tag","embeddable":true,"href":"https:\/\/the-popinjay.com\/fr\/wp-json\/wp\/v2\/product_tag?post=9152"},{"taxonomy":"berocket_brand","embeddable":true,"href":"https:\/\/the-popinjay.com\/fr\/wp-json\/wp\/v2\/berocket_brand?post=9152"}],"curies":[{"name":"wp","href":"https:\/\/api.w.org\/{rel}","templated":true}]}}