{"id":9153,"date":"2025-06-29T19:30:55","date_gmt":"2025-06-29T17:30:55","guid":{"rendered":"https:\/\/the-popinjay.com\/product\/kew-gardens-geranium-and-basil-soap-2\/"},"modified":"2025-06-29T19:32:25","modified_gmt":"2025-06-29T17:32:25","slug":"kew-gardens-geranium-and-basil-soap-2","status":"publish","type":"product","link":"https:\/\/the-popinjay.com\/fr\/produit\/kew-gardens-geranium-and-basil-soap-2\/","title":{"rendered":"Savon au g\u00e9ranium et au basilic de Kew Gardens"},"content":{"rendered":"<p>Le savon au g\u00e9ranium et au basilic de Kew Gardens est l&#8217;une des barres de savon exclusives de la collection Kew Gardens. Une barre g\u00e9n\u00e9reuse de 240 g, durable et enrichie en beurre de karit\u00e9 hydratant et en glyc\u00e9rine v\u00e9g\u00e9tale pour nourrir et soigner la peau. Les emballages en papier sont imprim\u00e9s avec de magnifiques illustrations inspir\u00e9es des plantes, provenant des archives historiques de Kew Gardens.<\/p>\n<p>Le savon au g\u00e9ranium et au basilic de Kew Gardens poss\u00e8de des notes de t\u00eate de citron, de menthe, de bergamote et de g\u00e9ranium. Donne une touche douce et fra\u00eeche de feuilles vertes, de rose et de basilic.<\/p>\n","protected":false},"excerpt":{"rendered":"<p>Le savon au g\u00e9ranium et au basilic de Kew Gardens est l&#8217;une des barres de savon exclusives de la collection Kew Gardens. Une barre g\u00e9n\u00e9reuse de 240 g, durable et enrichie en beurre de karit\u00e9 hydratant et en glyc\u00e9rine v\u00e9g\u00e9tale pour nourrir et soigner la peau. Les emballages en papier sont imprim\u00e9s avec de magnifiques illustrations inspir\u00e9es des plantes, provenant des archives historiques de Kew Gardens. Le savon au g\u00e9ranium et au basilic de Kew Gardens poss\u00e8de des notes de t\u00eate de citron, de menthe, de bergamote et de g\u00e9ranium. Donne une touche douce et fra\u00eeche de feuilles vertes, de rose et de basilic.<\/p>\n","protected":false},"featured_media":9137,"template":"","meta":{"_seopress_robots_primary_cat":"","_seopress_titles_title":"","_seopress_titles_desc":"","_seopress_robots_index":"","_gspb_post_css":"","inline_featured_image":false},"product_brand":[],"product_cat":[298],"product_tag":[],"berocket_brand":[309],"class_list":{"0":"post-9153","1":"product","2":"type-product","3":"status-publish","4":"has-post-thumbnail","6":"product_cat-cosmetiques","7":"berocket_brand-the-english-soap-company-fr","9":"first","10":"instock","11":"taxable","12":"shipping-taxable","13":"purchasable","14":"product-type-simple"},"_links":{"self":[{"href":"https:\/\/the-popinjay.com\/fr\/wp-json\/wp\/v2\/product\/9153","targetHints":{"allow":["GET"]}}],"collection":[{"href":"https:\/\/the-popinjay.com\/fr\/wp-json\/wp\/v2\/product"}],"about":[{"href":"https:\/\/the-popinjay.com\/fr\/wp-json\/wp\/v2\/types\/product"}],"wp:featuredmedia":[{"embeddable":true,"href":"https:\/\/the-popinjay.com\/fr\/wp-json\/wp\/v2\/media\/9137"}],"wp:attachment":[{"href":"https:\/\/the-popinjay.com\/fr\/wp-json\/wp\/v2\/media?parent=9153"}],"wp:term":[{"taxonomy":"product_brand","embeddable":true,"href":"https:\/\/the-popinjay.com\/fr\/wp-json\/wp\/v2\/product_brand?post=9153"},{"taxonomy":"product_cat","embeddable":true,"href":"https:\/\/the-popinjay.com\/fr\/wp-json\/wp\/v2\/product_cat?post=9153"},{"taxonomy":"product_tag","embeddable":true,"href":"https:\/\/the-popinjay.com\/fr\/wp-json\/wp\/v2\/product_tag?post=9153"},{"taxonomy":"berocket_brand","embeddable":true,"href":"https:\/\/the-popinjay.com\/fr\/wp-json\/wp\/v2\/berocket_brand?post=9153"}],"curies":[{"name":"wp","href":"https:\/\/api.w.org\/{rel}","templated":true}]}}