{"id":9197,"date":"2025-06-30T16:35:44","date_gmt":"2025-06-30T14:35:44","guid":{"rendered":"https:\/\/the-popinjay.com\/product\/salt-pepper-grinder-lilac-red-2\/"},"modified":"2025-06-30T16:40:46","modified_gmt":"2025-06-30T14:40:46","slug":"salt-pepper-grinder-lilac-red-2","status":"publish","type":"product","link":"https:\/\/the-popinjay.com\/fr\/produit\/salt-pepper-grinder-lilac-red-2\/","title":{"rendered":"Moulin \u00e0 Sel et \u00e0 Poivre &#8211; Lilas et Rouge"},"content":{"rendered":"<p>Moulins \u00e0 sel et \u00e0 poivre de la collection Maegen Tableware (vendus s\u00e9par\u00e9ment)<\/p>\n<p>Ajoutez une touche vibrante \u00e0 votre table et am\u00e9liorez votre exp\u00e9rience culinaire avec les moulins \u00e0 sel et \u00e0 poivre de la collection Maegen Tableware.<\/p>\n<p>Fabriqu\u00e9s \u00e0 partir de bois d&#8217;h\u00e9v\u00e9a certifi\u00e9 durable, ces moulins \u00e9l\u00e9gants allient durabilit\u00e9 et style. Notre petit moulin mesure 19 cm et notre grand mesure 21,5 cm de hauteur, ils sont de la taille parfaite pour une manipulation facile tout en faisant sensation sur votre table. Les m\u00e9canismes en c\u00e9ramique garantissent une mouture lisse et constante \u00e0 chaque utilisation, vous permettant d&#8217;assaisonner vos plats \u00e0 la perfection.<\/p>\n<p>Apportez \u00e0 la fois fonctionnalit\u00e9 et une touche de couleur \u00e0 votre cuisine avec ces moulins magnifiquement con\u00e7us.<\/p>\n","protected":false},"excerpt":{"rendered":"<p>Moulins \u00e0 sel et \u00e0 poivre de la collection Maegen Tableware (vendus s\u00e9par\u00e9ment) Ajoutez une touche vibrante \u00e0 votre table et am\u00e9liorez votre exp\u00e9rience culinaire avec les moulins \u00e0 sel et \u00e0 poivre de la collection Maegen Tableware. Fabriqu\u00e9s \u00e0 partir de bois d&#8217;h\u00e9v\u00e9a certifi\u00e9 durable, ces moulins \u00e9l\u00e9gants allient durabilit\u00e9 et style. Notre petit moulin mesure 19 cm et notre grand mesure 21,5 cm de hauteur, ils sont de la taille parfaite pour une manipulation facile tout en faisant sensation sur votre table. Les m\u00e9canismes en c\u00e9ramique garantissent une mouture lisse et constante \u00e0 chaque utilisation, vous permettant d&#8217;assaisonner vos plats \u00e0 la perfection. Apportez \u00e0 la fois fonctionnalit\u00e9 et une touche de couleur \u00e0 votre cuisine avec ces moulins magnifiquement con\u00e7us.<\/p>\n","protected":false},"featured_media":9162,"template":"","meta":{"_seopress_robots_primary_cat":"","_seopress_titles_title":"","_seopress_titles_desc":"","_seopress_robots_index":"","_gspb_post_css":"","inline_featured_image":false},"product_brand":[],"product_cat":[220],"product_tag":[],"berocket_brand":[311],"class_list":{"0":"post-9197","1":"product","2":"type-product","3":"status-publish","4":"has-post-thumbnail","6":"product_cat-vaisselle","7":"berocket_brand-maegen-fr","9":"first","10":"instock","11":"taxable","12":"shipping-taxable","13":"purchasable","14":"product-type-simple"},"_links":{"self":[{"href":"https:\/\/the-popinjay.com\/fr\/wp-json\/wp\/v2\/product\/9197","targetHints":{"allow":["GET"]}}],"collection":[{"href":"https:\/\/the-popinjay.com\/fr\/wp-json\/wp\/v2\/product"}],"about":[{"href":"https:\/\/the-popinjay.com\/fr\/wp-json\/wp\/v2\/types\/product"}],"wp:featuredmedia":[{"embeddable":true,"href":"https:\/\/the-popinjay.com\/fr\/wp-json\/wp\/v2\/media\/9162"}],"wp:attachment":[{"href":"https:\/\/the-popinjay.com\/fr\/wp-json\/wp\/v2\/media?parent=9197"}],"wp:term":[{"taxonomy":"product_brand","embeddable":true,"href":"https:\/\/the-popinjay.com\/fr\/wp-json\/wp\/v2\/product_brand?post=9197"},{"taxonomy":"product_cat","embeddable":true,"href":"https:\/\/the-popinjay.com\/fr\/wp-json\/wp\/v2\/product_cat?post=9197"},{"taxonomy":"product_tag","embeddable":true,"href":"https:\/\/the-popinjay.com\/fr\/wp-json\/wp\/v2\/product_tag?post=9197"},{"taxonomy":"berocket_brand","embeddable":true,"href":"https:\/\/the-popinjay.com\/fr\/wp-json\/wp\/v2\/berocket_brand?post=9197"}],"curies":[{"name":"wp","href":"https:\/\/api.w.org\/{rel}","templated":true}]}}