{"id":9201,"date":"2025-06-30T16:36:31","date_gmt":"2025-06-30T14:36:31","guid":{"rendered":"https:\/\/the-popinjay.com\/product\/pablo-pots-candle-water-lotus-rose-2\/"},"modified":"2025-06-30T16:40:40","modified_gmt":"2025-06-30T14:40:40","slug":"pablo-pots-candle-water-lotus-rose-2","status":"publish","type":"product","link":"https:\/\/the-popinjay.com\/fr\/produit\/pablo-pots-candle-water-lotus-rose-2\/","title":{"rendered":"Bougie Pablo Pots &#8211; Lotus d&#8217;eau et rose"},"content":{"rendered":"<p>Voici les bougies Pablo Pots, des bougies saisissantes et accrocheuses plac\u00e9es dans de magnifiques r\u00e9cipients en c\u00e9ramique \u00e0 motifs. Ces superbes pots rehaussent non seulement votre espace avec des parfums captivants et des designs audacieux, mais ils servent \u00e9galement de contenants de rangement \u00e9l\u00e9gants apr\u00e8s utilisation, alliant parfaitement beaut\u00e9 et fonctionnalit\u00e9.<\/p>\n<p>&#8211; Bougie en c\u00e9ramique \u00e0 motifs<\/p>\n<p>&#8211; 12 cm de hauteur\/9,5 cm de largeur<\/p>\n<p>&#8211; Emballage en bo\u00eete<\/p>\n","protected":false},"excerpt":{"rendered":"<p>Voici les bougies Pablo Pots, des bougies saisissantes et accrocheuses plac\u00e9es dans de magnifiques r\u00e9cipients en c\u00e9ramique \u00e0 motifs. Ces superbes pots rehaussent non seulement votre espace avec des parfums captivants et des designs audacieux, mais ils servent \u00e9galement de contenants de rangement \u00e9l\u00e9gants apr\u00e8s utilisation, alliant parfaitement beaut\u00e9 et fonctionnalit\u00e9. &#8211; Bougie en c\u00e9ramique \u00e0 motifs &#8211; 12 cm de hauteur\/9,5 cm de largeur &#8211; Emballage en bo\u00eete<\/p>\n","protected":false},"featured_media":9184,"template":"","meta":{"_seopress_robots_primary_cat":"","_seopress_titles_title":"","_seopress_titles_desc":"","_seopress_robots_index":"","_gspb_post_css":"","inline_featured_image":false},"product_brand":[],"product_cat":[313],"product_tag":[],"berocket_brand":[311],"class_list":{"0":"post-9201","1":"product","2":"type-product","3":"status-publish","4":"has-post-thumbnail","6":"product_cat-bougies-et-bougeoirs","7":"berocket_brand-maegen-fr","9":"first","10":"instock","11":"taxable","12":"shipping-taxable","13":"purchasable","14":"product-type-simple"},"_links":{"self":[{"href":"https:\/\/the-popinjay.com\/fr\/wp-json\/wp\/v2\/product\/9201","targetHints":{"allow":["GET"]}}],"collection":[{"href":"https:\/\/the-popinjay.com\/fr\/wp-json\/wp\/v2\/product"}],"about":[{"href":"https:\/\/the-popinjay.com\/fr\/wp-json\/wp\/v2\/types\/product"}],"wp:featuredmedia":[{"embeddable":true,"href":"https:\/\/the-popinjay.com\/fr\/wp-json\/wp\/v2\/media\/9184"}],"wp:attachment":[{"href":"https:\/\/the-popinjay.com\/fr\/wp-json\/wp\/v2\/media?parent=9201"}],"wp:term":[{"taxonomy":"product_brand","embeddable":true,"href":"https:\/\/the-popinjay.com\/fr\/wp-json\/wp\/v2\/product_brand?post=9201"},{"taxonomy":"product_cat","embeddable":true,"href":"https:\/\/the-popinjay.com\/fr\/wp-json\/wp\/v2\/product_cat?post=9201"},{"taxonomy":"product_tag","embeddable":true,"href":"https:\/\/the-popinjay.com\/fr\/wp-json\/wp\/v2\/product_tag?post=9201"},{"taxonomy":"berocket_brand","embeddable":true,"href":"https:\/\/the-popinjay.com\/fr\/wp-json\/wp\/v2\/berocket_brand?post=9201"}],"curies":[{"name":"wp","href":"https:\/\/api.w.org\/{rel}","templated":true}]}}