{"id":9310,"date":"2025-08-13T11:49:44","date_gmt":"2025-08-13T09:49:44","guid":{"rendered":"https:\/\/the-popinjay.com\/product\/fable-running-bunny-satchel-2\/"},"modified":"2025-08-13T11:51:31","modified_gmt":"2025-08-13T09:51:31","slug":"fable-running-bunny-satchel-2","status":"publish","type":"product","link":"https:\/\/the-popinjay.com\/fr\/produit\/fable-running-bunny-satchel-2\/","title":{"rendered":"FABLE Sac \u00e0 bandouli\u00e8re Lapin Courant"},"content":{"rendered":"<p>Entrez dans le royaume enchanteur du Pays des Merveilles avec notre magnifique sacoche Wonderland, une pi\u00e8ce qui allie charme et fonctionnalit\u00e9. Confectionn\u00e9e avec soin \u00e0 partir de cuir v\u00e9g\u00e9talien rouge cerise de qualit\u00e9 sup\u00e9rieure, cette sacoche pr\u00e9sente un int\u00e9rieur d\u00e9licat \u00e0 motifs floraux, apportant une touche de fantaisie aux aventures quotidiennes. Ce design intemporel ne se limite pas \u00e0 l&#8217;esth\u00e9tique ; il dispose de compartiments organis\u00e9s avec soin pour que les essentiels soient bien rang\u00e9s et facilement accessibles. Son design polyvalent lui permet de s&#8217;associer magnifiquement avec les \u00e9charpes de notre collection Wonderland, ainsi qu&#8217;avec nos autres offres de sacoches. Envisagez de les exposer ensemble pour un look coh\u00e9rent qui d\u00e9gage une touche de magie inspir\u00e9e des Fables dans votre magasin.<\/p>\n<p>Ext\u00e9rieur : 100 % polyur\u00e9thane ; Doublure : 100 % polyester<br \/>\nEnv. 26 (L) x 21 (H) x 9 (P) cm<br \/>\nNettoyer avec un chiffon humide<\/p>\n","protected":false},"excerpt":{"rendered":"<p>Entrez dans le royaume enchanteur du Pays des Merveilles avec notre magnifique sacoche Wonderland, une pi\u00e8ce qui allie charme et fonctionnalit\u00e9. Confectionn\u00e9e avec soin \u00e0 partir de cuir v\u00e9g\u00e9talien rouge cerise de qualit\u00e9 sup\u00e9rieure, cette sacoche pr\u00e9sente un int\u00e9rieur d\u00e9licat \u00e0 motifs floraux, apportant une touche de fantaisie aux aventures quotidiennes. Ce design intemporel ne se limite pas \u00e0 l&#8217;esth\u00e9tique ; il dispose de compartiments organis\u00e9s avec soin pour que les essentiels soient bien rang\u00e9s et facilement accessibles. Son design polyvalent lui permet de s&#8217;associer magnifiquement avec les \u00e9charpes de notre collection Wonderland, ainsi qu&#8217;avec nos autres offres de sacoches. Envisagez de les exposer ensemble pour un look coh\u00e9rent qui d\u00e9gage une touche de magie inspir\u00e9e des Fables dans votre magasin. Ext\u00e9rieur : 100 % polyur\u00e9thane ; Doublure : 100 % polyester Env. 26 (L) x 21 (H) x 9 (P) cm Nettoyer avec un chiffon humide<\/p>\n","protected":false},"featured_media":9261,"template":"","meta":{"_seopress_robots_primary_cat":"","_seopress_titles_title":"","_seopress_titles_desc":"","_seopress_robots_index":"","_gspb_post_css":"","inline_featured_image":false},"product_brand":[],"product_cat":[268],"product_tag":[],"berocket_brand":[],"class_list":{"0":"post-9310","1":"product","2":"type-product","3":"status-publish","4":"has-post-thumbnail","6":"product_cat-sacs-a-main-et-a-bandouliere","8":"first","9":"instock","10":"taxable","11":"shipping-taxable","12":"purchasable","13":"product-type-simple"},"_links":{"self":[{"href":"https:\/\/the-popinjay.com\/fr\/wp-json\/wp\/v2\/product\/9310","targetHints":{"allow":["GET"]}}],"collection":[{"href":"https:\/\/the-popinjay.com\/fr\/wp-json\/wp\/v2\/product"}],"about":[{"href":"https:\/\/the-popinjay.com\/fr\/wp-json\/wp\/v2\/types\/product"}],"wp:featuredmedia":[{"embeddable":true,"href":"https:\/\/the-popinjay.com\/fr\/wp-json\/wp\/v2\/media\/9261"}],"wp:attachment":[{"href":"https:\/\/the-popinjay.com\/fr\/wp-json\/wp\/v2\/media?parent=9310"}],"wp:term":[{"taxonomy":"product_brand","embeddable":true,"href":"https:\/\/the-popinjay.com\/fr\/wp-json\/wp\/v2\/product_brand?post=9310"},{"taxonomy":"product_cat","embeddable":true,"href":"https:\/\/the-popinjay.com\/fr\/wp-json\/wp\/v2\/product_cat?post=9310"},{"taxonomy":"product_tag","embeddable":true,"href":"https:\/\/the-popinjay.com\/fr\/wp-json\/wp\/v2\/product_tag?post=9310"},{"taxonomy":"berocket_brand","embeddable":true,"href":"https:\/\/the-popinjay.com\/fr\/wp-json\/wp\/v2\/berocket_brand?post=9310"}],"curies":[{"name":"wp","href":"https:\/\/api.w.org\/{rel}","templated":true}]}}