{"id":9311,"date":"2025-08-13T11:49:57","date_gmt":"2025-08-13T09:49:57","guid":{"rendered":"https:\/\/the-popinjay.com\/product\/fable-enamel-fox-brooch-2\/"},"modified":"2025-08-13T11:51:36","modified_gmt":"2025-08-13T09:51:36","slug":"fable-enamel-fox-brooch-2","status":"publish","type":"product","link":"https:\/\/the-popinjay.com\/fr\/produit\/fable-enamel-fox-brooch-2\/","title":{"rendered":"Broche FABLE en forme de renard en \u00e9mail"},"content":{"rendered":"<p>Curieux et charmant, nous avons repens\u00e9 notre breloque renard pour cr\u00e9er ce curieux petit personnage dot\u00e9 d&#8217;un niveau de d\u00e9tail impeccable, du bout de son nez \u00e0 sa queue d\u00e9licatement d\u00e9taill\u00e9e. Cette broche en forme de renard tr\u00e8s appr\u00e9ci\u00e9e est un cadeau infaillible pour les amoureux de la nature comme pour les explorateurs des bois !<\/p>\n<p>Chaque pi\u00e8ce Fable est pr\u00e9sent\u00e9e dans une magnifique bo\u00eete cadeau de style bo\u00eete d&#8217;allumettes avec une pochette en coton et une carte-cadeau ou dans une bo\u00eete suspendue pratique \u00e0 fen\u00eatre, id\u00e9ale pour exposer le produit lorsque vous pouvez le voir.<\/p>\n<p>Principales caract\u00e9ristiques :<\/p>\n<p>\u00c9mail peint \u00e0 la main<br \/>\nD\u00e9tails sculpt\u00e9s \u00e0 la main<br \/>\nalliage de zinc dor\u00e9 14 carats, \u00e9mail<br \/>\n35 mm x 25 mm<\/p>\n","protected":false},"excerpt":{"rendered":"<p>Curieux et charmant, nous avons repens\u00e9 notre breloque renard pour cr\u00e9er ce curieux petit personnage dot\u00e9 d&#8217;un niveau de d\u00e9tail impeccable, du bout de son nez \u00e0 sa queue d\u00e9licatement d\u00e9taill\u00e9e. Cette broche en forme de renard tr\u00e8s appr\u00e9ci\u00e9e est un cadeau infaillible pour les amoureux de la nature comme pour les explorateurs des bois ! Chaque pi\u00e8ce Fable est pr\u00e9sent\u00e9e dans une magnifique bo\u00eete cadeau de style bo\u00eete d&#8217;allumettes avec une pochette en coton et une carte-cadeau ou dans une bo\u00eete suspendue pratique \u00e0 fen\u00eatre, id\u00e9ale pour exposer le produit lorsque vous pouvez le voir. Principales caract\u00e9ristiques : \u00c9mail peint \u00e0 la main D\u00e9tails sculpt\u00e9s \u00e0 la main alliage de zinc dor\u00e9 14 carats, \u00e9mail 35 mm x 25 mm<\/p>\n","protected":false},"featured_media":9274,"template":"","meta":{"_seopress_robots_primary_cat":"","_seopress_titles_title":"","_seopress_titles_desc":"","_seopress_robots_index":"","_gspb_post_css":"","inline_featured_image":false},"product_brand":[],"product_cat":[256],"product_tag":[],"berocket_brand":[],"class_list":{"0":"post-9311","1":"product","2":"type-product","3":"status-publish","4":"has-post-thumbnail","6":"product_cat-broches","8":"first","9":"instock","10":"taxable","11":"shipping-taxable","12":"purchasable","13":"product-type-simple"},"_links":{"self":[{"href":"https:\/\/the-popinjay.com\/fr\/wp-json\/wp\/v2\/product\/9311","targetHints":{"allow":["GET"]}}],"collection":[{"href":"https:\/\/the-popinjay.com\/fr\/wp-json\/wp\/v2\/product"}],"about":[{"href":"https:\/\/the-popinjay.com\/fr\/wp-json\/wp\/v2\/types\/product"}],"wp:featuredmedia":[{"embeddable":true,"href":"https:\/\/the-popinjay.com\/fr\/wp-json\/wp\/v2\/media\/9274"}],"wp:attachment":[{"href":"https:\/\/the-popinjay.com\/fr\/wp-json\/wp\/v2\/media?parent=9311"}],"wp:term":[{"taxonomy":"product_brand","embeddable":true,"href":"https:\/\/the-popinjay.com\/fr\/wp-json\/wp\/v2\/product_brand?post=9311"},{"taxonomy":"product_cat","embeddable":true,"href":"https:\/\/the-popinjay.com\/fr\/wp-json\/wp\/v2\/product_cat?post=9311"},{"taxonomy":"product_tag","embeddable":true,"href":"https:\/\/the-popinjay.com\/fr\/wp-json\/wp\/v2\/product_tag?post=9311"},{"taxonomy":"berocket_brand","embeddable":true,"href":"https:\/\/the-popinjay.com\/fr\/wp-json\/wp\/v2\/berocket_brand?post=9311"}],"curies":[{"name":"wp","href":"https:\/\/api.w.org\/{rel}","templated":true}]}}