{"id":9314,"date":"2025-08-13T11:50:42","date_gmt":"2025-08-13T09:50:42","guid":{"rendered":"https:\/\/the-popinjay.com\/product\/fable-enamel-fox-short-necklace-2\/"},"modified":"2025-08-13T11:51:47","modified_gmt":"2025-08-13T09:51:47","slug":"fable-enamel-fox-short-necklace-2","status":"publish","type":"product","link":"https:\/\/the-popinjay.com\/fr\/produit\/fable-enamel-fox-short-necklace-2\/","title":{"rendered":"Collier court en forme de renard en \u00e9mail FABLE"},"content":{"rendered":"<p>Suspendue d\u00e9licatement \u00e0 une d\u00e9licate breloque \u00e0 maillons de cha\u00eene, notre breloque curieuse et charmante en forme de renard est impr\u00e9gn\u00e9e d&#8217;un niveau de d\u00e9tail impeccable, du bout du nez \u00e0 la queue d\u00e9licatement d\u00e9taill\u00e9e. Ce personnage tr\u00e8s appr\u00e9ci\u00e9 est un cadeau infaillible pour les amoureux de la nature comme pour les explorateurs des bois !<\/p>\n<p>*Chaque pi\u00e8ce Fable est pr\u00e9sent\u00e9e dans un magnifique coffret cadeau de style bo\u00eete d&#8217;allumettes avec pochette en coton et carte-cadeau.<\/p>\n<p>Principales caract\u00e9ristiques :<\/p>\n<p>\u00c9mail peint \u00e0 la main<br \/>\nD\u00e9tails sculpt\u00e9s \u00e0 la main<br \/>\nBreloque : alliage de zinc dor\u00e9 14 carats, \u00e9mail ; cha\u00eene en laiton dor\u00e9 14 carats<br \/>\nCha\u00eene de 41 cm avec rallonge de 5 cm ; pendentif : 28 mm x 18 mm<br \/>\nLivr\u00e9 dans un coffret cadeau avec pochette en coton<\/p>\n","protected":false},"excerpt":{"rendered":"<p>Suspendue d\u00e9licatement \u00e0 une d\u00e9licate breloque \u00e0 maillons de cha\u00eene, notre breloque curieuse et charmante en forme de renard est impr\u00e9gn\u00e9e d&#8217;un niveau de d\u00e9tail impeccable, du bout du nez \u00e0 la queue d\u00e9licatement d\u00e9taill\u00e9e. Ce personnage tr\u00e8s appr\u00e9ci\u00e9 est un cadeau infaillible pour les amoureux de la nature comme pour les explorateurs des bois ! *Chaque pi\u00e8ce Fable est pr\u00e9sent\u00e9e dans un magnifique coffret cadeau de style bo\u00eete d&#8217;allumettes avec pochette en coton et carte-cadeau. Principales caract\u00e9ristiques : \u00c9mail peint \u00e0 la main D\u00e9tails sculpt\u00e9s \u00e0 la main Breloque : alliage de zinc dor\u00e9 14 carats, \u00e9mail ; cha\u00eene en laiton dor\u00e9 14 carats Cha\u00eene de 41 cm avec rallonge de 5 cm ; pendentif : 28 mm x 18 mm Livr\u00e9 dans un coffret cadeau avec pochette en coton<\/p>\n","protected":false},"featured_media":9293,"template":"","meta":{"_seopress_robots_primary_cat":"","_seopress_titles_title":"","_seopress_titles_desc":"","_seopress_robots_index":"","_gspb_post_css":"","inline_featured_image":false},"product_brand":[],"product_cat":[266],"product_tag":[],"berocket_brand":[],"class_list":{"0":"post-9314","1":"product","2":"type-product","3":"status-publish","4":"has-post-thumbnail","6":"product_cat-colliers","8":"first","9":"instock","10":"taxable","11":"shipping-taxable","12":"purchasable","13":"product-type-simple"},"_links":{"self":[{"href":"https:\/\/the-popinjay.com\/fr\/wp-json\/wp\/v2\/product\/9314","targetHints":{"allow":["GET"]}}],"collection":[{"href":"https:\/\/the-popinjay.com\/fr\/wp-json\/wp\/v2\/product"}],"about":[{"href":"https:\/\/the-popinjay.com\/fr\/wp-json\/wp\/v2\/types\/product"}],"wp:featuredmedia":[{"embeddable":true,"href":"https:\/\/the-popinjay.com\/fr\/wp-json\/wp\/v2\/media\/9293"}],"wp:attachment":[{"href":"https:\/\/the-popinjay.com\/fr\/wp-json\/wp\/v2\/media?parent=9314"}],"wp:term":[{"taxonomy":"product_brand","embeddable":true,"href":"https:\/\/the-popinjay.com\/fr\/wp-json\/wp\/v2\/product_brand?post=9314"},{"taxonomy":"product_cat","embeddable":true,"href":"https:\/\/the-popinjay.com\/fr\/wp-json\/wp\/v2\/product_cat?post=9314"},{"taxonomy":"product_tag","embeddable":true,"href":"https:\/\/the-popinjay.com\/fr\/wp-json\/wp\/v2\/product_tag?post=9314"},{"taxonomy":"berocket_brand","embeddable":true,"href":"https:\/\/the-popinjay.com\/fr\/wp-json\/wp\/v2\/berocket_brand?post=9314"}],"curies":[{"name":"wp","href":"https:\/\/api.w.org\/{rel}","templated":true}]}}