{"id":9315,"date":"2025-08-13T11:51:00","date_gmt":"2025-08-13T09:51:00","guid":{"rendered":"https:\/\/the-popinjay.com\/product\/fable-enamel-peacock-bangle-2\/"},"modified":"2025-08-13T11:51:52","modified_gmt":"2025-08-13T09:51:52","slug":"fable-enamel-peacock-bangle-2","status":"publish","type":"product","link":"https:\/\/the-popinjay.com\/fr\/produit\/fable-enamel-peacock-bangle-2\/","title":{"rendered":"Bracelet en forme de paon en \u00e9mail FABLE"},"content":{"rendered":"<p>La fiert\u00e9 du majestueux paon r\u00e9side dans sa queue magnifiquement d\u00e9taill\u00e9e. Cette saison, Fable pr\u00e9sente le fier paon avec des d\u00e9tails d\u00e9coratifs m\u00e9ticuleux, mettant en valeur notre savoir-faire artisanal traditionnel avec un savoir-faire plus \u00e9labor\u00e9 que jamais. Chaque pi\u00e8ce a \u00e9t\u00e9 d\u00e9licatement peinte \u00e0 la main, mettant en valeur la splendeur complexe de sa queue. Ce bracelet, fabriqu\u00e9 en laiton durable, peut \u00eatre ouvert et ferm\u00e9 pour s&#8217;adapter au poignet de chaque utilisateur. Un ornement vraiment unique et \u00e9l\u00e9gant \u00e0 porter et \u00e0 conserver, symbolisant le renouveau, la protection et la force int\u00e9rieure.<\/p>\n<p>Chaque pi\u00e8ce Fable est pr\u00e9sent\u00e9e dans une magnifique bo\u00eete cadeau de style bo\u00eete d&#8217;allumettes avec une pochette en coton et une carte-cadeau ou dans une bo\u00eete suspendue pratique \u00e0 fen\u00eatre, id\u00e9ale pour exposer le produit lorsque vous pouvez le voir.<\/p>\n","protected":false},"excerpt":{"rendered":"<p>La fiert\u00e9 du majestueux paon r\u00e9side dans sa queue magnifiquement d\u00e9taill\u00e9e. Cette saison, Fable pr\u00e9sente le fier paon avec des d\u00e9tails d\u00e9coratifs m\u00e9ticuleux, mettant en valeur notre savoir-faire artisanal traditionnel avec un savoir-faire plus \u00e9labor\u00e9 que jamais. Chaque pi\u00e8ce a \u00e9t\u00e9 d\u00e9licatement peinte \u00e0 la main, mettant en valeur la splendeur complexe de sa queue. Ce bracelet, fabriqu\u00e9 en laiton durable, peut \u00eatre ouvert et ferm\u00e9 pour s&#8217;adapter au poignet de chaque utilisateur. Un ornement vraiment unique et \u00e9l\u00e9gant \u00e0 porter et \u00e0 conserver, symbolisant le renouveau, la protection et la force int\u00e9rieure. Chaque pi\u00e8ce Fable est pr\u00e9sent\u00e9e dans une magnifique bo\u00eete cadeau de style bo\u00eete d&#8217;allumettes avec une pochette en coton et une carte-cadeau ou dans une bo\u00eete suspendue pratique \u00e0 fen\u00eatre, id\u00e9ale pour exposer le produit lorsque vous pouvez le voir.<\/p>\n","protected":false},"featured_media":9302,"template":"","meta":{"_seopress_robots_primary_cat":"","_seopress_titles_title":"","_seopress_titles_desc":"","_seopress_robots_index":"","_gspb_post_css":"","inline_featured_image":false},"product_brand":[],"product_cat":[272],"product_tag":[],"berocket_brand":[],"class_list":{"0":"post-9315","1":"product","2":"type-product","3":"status-publish","4":"has-post-thumbnail","6":"product_cat-bracelets-fr","8":"first","9":"instock","10":"taxable","11":"shipping-taxable","12":"purchasable","13":"product-type-simple"},"_links":{"self":[{"href":"https:\/\/the-popinjay.com\/fr\/wp-json\/wp\/v2\/product\/9315","targetHints":{"allow":["GET"]}}],"collection":[{"href":"https:\/\/the-popinjay.com\/fr\/wp-json\/wp\/v2\/product"}],"about":[{"href":"https:\/\/the-popinjay.com\/fr\/wp-json\/wp\/v2\/types\/product"}],"wp:featuredmedia":[{"embeddable":true,"href":"https:\/\/the-popinjay.com\/fr\/wp-json\/wp\/v2\/media\/9302"}],"wp:attachment":[{"href":"https:\/\/the-popinjay.com\/fr\/wp-json\/wp\/v2\/media?parent=9315"}],"wp:term":[{"taxonomy":"product_brand","embeddable":true,"href":"https:\/\/the-popinjay.com\/fr\/wp-json\/wp\/v2\/product_brand?post=9315"},{"taxonomy":"product_cat","embeddable":true,"href":"https:\/\/the-popinjay.com\/fr\/wp-json\/wp\/v2\/product_cat?post=9315"},{"taxonomy":"product_tag","embeddable":true,"href":"https:\/\/the-popinjay.com\/fr\/wp-json\/wp\/v2\/product_tag?post=9315"},{"taxonomy":"berocket_brand","embeddable":true,"href":"https:\/\/the-popinjay.com\/fr\/wp-json\/wp\/v2\/berocket_brand?post=9315"}],"curies":[{"name":"wp","href":"https:\/\/api.w.org\/{rel}","templated":true}]}}